{"id":2488,"date":"2023-03-28T18:34:47","date_gmt":"2023-03-28T18:34:47","guid":{"rendered":"https:\/\/virtual-planet.eu\/gra\/wlasciwa-gospodarka-odpadami-i-plastikiem\/wlasciwa-gospodarka-odpadami-i-plastikiem-tabela-wynikow\/"},"modified":"2023-10-19T18:56:43","modified_gmt":"2023-10-19T18:56:43","slug":"wlasciwa-gospodarka-odpadami-i-plastikiem-tabela-wynikow","status":"publish","type":"page","link":"https:\/\/virtual-planet.eu\/pl\/gra\/wlasciwa-gospodarka-odpadami-i-plastikiem\/wlasciwa-gospodarka-odpadami-i-plastikiem-tabela-wynikow\/","title":{"rendered":"W\u0142a\u015bciwa gospodarka odpadami i plastikiem Tabela wynik\u00f3w"},"content":{"rendered":"\n                <style>                                    <\/style><div class='ays_lb_container ays-leaderboard-main-container'>                <table class='ays_lb_ul ' style='width: 100%;'>                    <thead>                        <tr class='ays_lb_li' style='background: #9acc5d;'><th class='ays_lb_pos'>Poz.<\/th><th class='ays_lb_user'>Nazwa<\/th><th class='ays_lb_score'>Wynik<\/th><th class='ays_lb_duration'>Czas trwania<\/th><th class='ays_lb_points'>Punkty<\/th><\/tr>                    <\/thead>                    <tbody><tr class='ays_lb_li'><td class='ays_lb_pos'>1<\/td><td class='ays_lb_user'><span class='ays-lb-user-avatar-row'><\/span><span>Angel Petkov<\/span><\/td><td class='ays_lb_score'>21 %<\/td><td class='ays_lb_duration' data-order='18'>18 sekund<\/td><td class='ays_lb_points'>4<\/td><\/tr><\/tbody>                    <\/table>                <\/div>\n\r\n","protected":false},"excerpt":{"rendered":"","protected":false},"author":2,"featured_media":0,"parent":2486,"menu_order":0,"comment_status":"closed","ping_status":"closed","template":"","meta":{"inline_featured_image":false,"_monsterinsights_skip_tracking":false,"_monsterinsights_sitenote_active":false,"_monsterinsights_sitenote_note":"","_monsterinsights_sitenote_category":0,"footnotes":""},"class_list":["post-2488","page","type-page","status-publish","hentry"],"acf":[],"_links":{"self":[{"href":"https:\/\/virtual-planet.eu\/pl\/wp-json\/wp\/v2\/pages\/2488","targetHints":{"allow":["GET"]}}],"collection":[{"href":"https:\/\/virtual-planet.eu\/pl\/wp-json\/wp\/v2\/pages"}],"about":[{"href":"https:\/\/virtual-planet.eu\/pl\/wp-json\/wp\/v2\/types\/page"}],"author":[{"embeddable":true,"href":"https:\/\/virtual-planet.eu\/pl\/wp-json\/wp\/v2\/users\/2"}],"replies":[{"embeddable":true,"href":"https:\/\/virtual-planet.eu\/pl\/wp-json\/wp\/v2\/comments?post=2488"}],"version-history":[{"count":1,"href":"https:\/\/virtual-planet.eu\/pl\/wp-json\/wp\/v2\/pages\/2488\/revisions"}],"predecessor-version":[{"id":2489,"href":"https:\/\/virtual-planet.eu\/pl\/wp-json\/wp\/v2\/pages\/2488\/revisions\/2489"}],"up":[{"embeddable":true,"href":"https:\/\/virtual-planet.eu\/pl\/wp-json\/wp\/v2\/pages\/2486"}],"wp:attachment":[{"href":"https:\/\/virtual-planet.eu\/pl\/wp-json\/wp\/v2\/media?parent=2488"}],"curies":[{"name":"wp","href":"https:\/\/api.w.org\/{rel}","templated":true}]}}