{"id":1933,"date":"2022-12-29T12:45:36","date_gmt":"2022-12-29T12:45:36","guid":{"rendered":"https:\/\/virtual-planet.eu\/polityka-prywatnosci\/"},"modified":"2023-06-27T17:23:08","modified_gmt":"2023-06-27T17:23:08","slug":"polityka-prywatnosci","status":"publish","type":"page","link":"https:\/\/virtual-planet.eu\/pl\/polityka-prywatnosci\/","title":{"rendered":"Polityka Prywatno\u015bci"},"content":{"rendered":"\t\t<div data-elementor-type=\"wp-page\" data-elementor-id=\"1933\" class=\"elementor elementor-1933 elementor-27\">\n\t\t\t\t\t\t\t\t\t<section class=\"elementor-section elementor-top-section elementor-element elementor-element-0669f38 animated-slow elementor-section-boxed elementor-section-height-default elementor-section-height-default elementor-invisible\" data-id=\"0669f38\" data-element_type=\"section\" data-settings=\"{&quot;animation&quot;:&quot;fadeIn&quot;}\">\n\t\t\t\t\t\t<div class=\"elementor-container elementor-column-gap-default\">\n\t\t\t\t\t<div class=\"elementor-column elementor-col-100 elementor-top-column elementor-element elementor-element-acdbaf2\" data-id=\"acdbaf2\" data-element_type=\"column\">\n\t\t\t<div class=\"elementor-widget-wrap elementor-element-populated\">\n\t\t\t\t\t\t\t\t<div class=\"elementor-element elementor-element-56af76d elementor-widget elementor-widget-wgs-heading\" data-id=\"56af76d\" data-element_type=\"widget\" data-widget_type=\"wgs-heading.default\">\n\t\t\t\t<div class=\"elementor-widget-container\">\n\t\t\t<div class=\"wgs-heading wgs-heading--dark\">\n    \n\t\t<h2 class=\"wgs-heading--h2 text-dark\">\n\t\t\tRozporz\u0105dzenie (UE) 2016\/679\n\t\t<\/h2>\n\n    <\/div>\t\t<\/div>\n\t\t\t\t<\/div>\n\t\t\t\t<div class=\"elementor-element elementor-element-88f48bd elementor-widget elementor-widget-text-editor\" data-id=\"88f48bd\" data-element_type=\"widget\" data-widget_type=\"text-editor.default\">\n\t\t\t\t<div class=\"elementor-widget-container\">\n\t\t\t<style>\/*! elementor - v3.18.0 - 20-12-2023 *\/\n.elementor-widget-text-editor.elementor-drop-cap-view-stacked .elementor-drop-cap{background-color:#69727d;color:#fff}.elementor-widget-text-editor.elementor-drop-cap-view-framed .elementor-drop-cap{color:#69727d;border:3px solid;background-color:transparent}.elementor-widget-text-editor:not(.elementor-drop-cap-view-default) .elementor-drop-cap{margin-top:8px}.elementor-widget-text-editor:not(.elementor-drop-cap-view-default) .elementor-drop-cap-letter{width:1em;height:1em}.elementor-widget-text-editor .elementor-drop-cap{float:left;text-align:center;line-height:1;font-size:50px}.elementor-widget-text-editor .elementor-drop-cap-letter{display:inline-block}<\/style><div class=\"wgs-text text-dark \">\n\t<p>Od 25 maja 2018 r. nowe rozporz\u0105dzenie o ochronie danych \u2013 Rozporz\u0105dzenie (UE) 2016\/679 \u2013 b\u0119dzie mia\u0142o zastosowanie do wszystkich obywateli UE. Niniejsza Polityka prywatno\u015bci firmy Privacy Ltd opisuje, w jaki spos\u00f3b przechowujemy, przetwarzamy i chronimy Twoje dane osobowe, kt\u00f3re nam przekazujesz w zwi\u0105zku z korzystaniem z naszych us\u0142ug.<br \/>Je\u015bli masz jakiekolwiek pytania lub komentarze dotycz\u0105ce niniejszej Polityki, mo\u017cesz znale\u017a\u0107 dane kontaktowe na naszej stronie <a href=\"https:\/\/virtual-planet.eu\/contacts\/\">Kontakt lub napisa\u0107<\/a> do nas bezpo\u015brednio.<br \/>Prosimy o uwa\u017cne zapoznanie si\u0119 z niniejsz\u0105 Polityk\u0105 przed skorzystaniem z naszych Us\u0142ug.<br \/>Wa\u017cne jest, aby wiedzie\u0107, \u017ce:<\/p>\n<ul>\n<li>Je\u015bli nie zgadzasz si\u0119 na przetwarzanie Twoich Danych Osobowych w spos\u00f3b opisany w Polityce, prosimy o ich nie podawanie. Podanie Danych Osobowych jest dobrowolne w celu korzystania lub uzyskiwania dost\u0119pu do naszych Us\u0142ug Platformy. Jakakolwiek odmowa podania Danych Osobowych wymaganych do korzystania z Us\u0142ug na naszej platformie oznacza\u0142aby odmow\u0119 korzystania z odpowiednich Us\u0142ug lub Funkcjonalno\u015bci.<\/li>\n<li>W niekt\u00f3rych przypadkach Twoja wyra\u017ana zgoda na przetwarzanie Danych Osobowych mo\u017ce nie by\u0107 konieczna, je\u015bli dost\u0119pna jest inna podstawa prawna, na przyk\u0142ad: wype\u0142nienie obowi\u0105zk\u00f3w prawnych ci\u0105\u017c\u0105cych na Administratorze; konieczno\u015b\u0107 wykonania umowy itp.<\/li>\n<\/ul>\n\n<\/div>\t\t<\/div>\n\t\t\t\t<\/div>\n\t\t\t\t<div class=\"elementor-element elementor-element-4dd96ca elementor-widget elementor-widget-wgs-heading\" data-id=\"4dd96ca\" data-element_type=\"widget\" data-widget_type=\"wgs-heading.default\">\n\t\t\t\t<div class=\"elementor-widget-container\">\n\t\t\t<div class=\"wgs-heading wgs-heading--dark\">\n    \n\t\t<h3 class=\"wgs-heading--h3 text-dark\">\n\t\t\tRODO\n\t\t<\/h3>\n\n    <\/div>\t\t<\/div>\n\t\t\t\t<\/div>\n\t\t\t\t<div class=\"elementor-element elementor-element-e220a04 elementor-widget elementor-widget-text-editor\" data-id=\"e220a04\" data-element_type=\"widget\" data-widget_type=\"text-editor.default\">\n\t\t\t\t<div class=\"elementor-widget-container\">\n\t\t\t<div class=\"wgs-text text-dark \">\n\t<ol>\n<li>Rodzaje os\u00f3b, kt\u00f3rych dane dotycz\u0105, Kategorie przetwarzanych danych, Cel przetwarzania, Okres wa\u017cno\u015bci<br \/>W zale\u017cno\u015bci od sposobu, w jaki osoby korzystaj\u0105 z naszej Platformy i \u015bwiadczonych przez ni\u0105 us\u0142ug, dziel\u0105 si\u0119 one na kilka dzia\u0142\u00f3w wymienionych poni\u017cej. W zale\u017cno\u015bci od nich dane Podmiot\u00f3w przetwarzane s\u0105 w odr\u0119bnych rejestrach danych osobowych, z kt\u00f3rych ka\u017cde przetwarzanie mo\u017ce obejmowa\u0107 inne kategorie danych, cele i podstawy, okresy przechowywania, zabezpieczenia i inne.<br \/>Ten sam podmiot mo\u017ce nale\u017ce\u0107 do wi\u0119cej ni\u017c jednego z dzia\u0142\u00f3w wymienionych w tym samym czasie. Na przyk\u0142ad ka\u017cdy Kupuj\u0105cy Konsument jest jednocze\u015bnie Odwiedzaj\u0105cym.\n<\/li>\n<li>Go\u015b\u0107<br \/>- Odwiedzaj\u0105cym jest ka\u017cda osoba, kt\u00f3ra \u0142aduje stron\u0119 internetow\u0105, cz\u0119\u015b\u0107 Platformy lub odwiedza r\u00f3\u017cne sekcje i strony w swojej przegl\u0105darce internetowej (czy to bezpo\u015brednio wpisuj\u0105c adres e-mail w przegl\u0105darce, czy te\u017c odsy\u0142aj\u0105c do innej strony internetowej lub zasobu).<br \/>- Kategorie danych, kt\u00f3re mog\u0105 by\u0107 przetwarzane: identyfikatory online przechowywane w lokalnych plikach cookie na urz\u0105dzeniu\/przegl\u0105darce odwiedzaj\u0105cego; Informacje o lokalizacji podane przez odwiedzaj\u0105cego; dane kraju\/miasta na podstawie adresu IP urz\u0105dzenia u\u017cytkownika, integralna cz\u0119\u015b\u0107 informacji otrzymywanych z ka\u017cdej strony internetowej; Informacje o dzia\u0142aniach podejmowanych przez podmiot w Platformie; preferencje podmiotu dotycz\u0105ce okre\u015blonych aspekt\u00f3w i ustawie\u0144 funkcjonalno\u015bci platformy; Informacje o rodzaju u\u017cywanej przegl\u0105darki\/urz\u0105dzenia.<br \/>- Cele przetwarzania: Zapewnienie podstawowych i pomocniczych funkcji niezb\u0119dnych do prawid\u0142owego funkcjonowania Platformy; Liczniki ruchu na platformie; Zapewnienie warunk\u00f3w niezb\u0119dnych do realizacji us\u0142ug na platformach marketingowych.<br \/>- Okres wa\u017cno\u015bci: do czasu wyga\u015bni\u0119cia wa\u017cno\u015bci ka\u017cdego pliku cookie (do 1 roku od momentu jego zapisania), no\u015bnika odpowiedniej informacji lub do czasu usuni\u0119cia go przez podmiot, w kt\u00f3rego urz\u0105dzeniu\/przegl\u0105darce jest przechowywany.<br \/>- Podstawa prawna przetwarzania: Zgadzam si\u0119 na Polityk\u0119 plik\u00f3w cookie.<\/li>\n<\/ol>\n\n<\/div>\t\t<\/div>\n\t\t\t\t<\/div>\n\t\t\t\t<div class=\"elementor-element elementor-element-3571f48 elementor-widget elementor-widget-wgs-heading\" data-id=\"3571f48\" data-element_type=\"widget\" data-widget_type=\"wgs-heading.default\">\n\t\t\t\t<div class=\"elementor-widget-container\">\n\t\t\t<div class=\"wgs-heading wgs-heading--dark\">\n    \n\t\t<h3 class=\"wgs-heading--h3 text-dark\">\n\t\t\tTwoje prawa\n\t\t<\/h3>\n\n    <\/div>\t\t<\/div>\n\t\t\t\t<\/div>\n\t\t\t\t<div class=\"elementor-element elementor-element-58947cb elementor-widget elementor-widget-text-editor\" data-id=\"58947cb\" data-element_type=\"widget\" data-widget_type=\"text-editor.default\">\n\t\t\t\t<div class=\"elementor-widget-container\">\n\t\t\t<div class=\"wgs-text text-dark \">\n\t<p>Je\u017celi przetwarzamy Twoje Dane Osobowe, masz nast\u0119puj\u0105ce prawa, z kt\u00f3rych mo\u017cesz skorzysta\u0107, sk\u0142adaj\u0105c wniosek na adres Sp\u00f3\u0142ki, podany powy\u017cej lub drog\u0105 elektroniczn\u0105 \u2013 na adres info@virtual-planet.eu lub za po\u015brednictwem <a href=\"https:\/\/virtual-planet.eu\/contacts\/\">strony Kontakt<\/a>:<\/p>\n<ul>\n<li>Prawo dost\u0119pu do swoich danych osobowych: Masz prawo otrzyma\u0107 od nas potwierdzenie, czy dane osobowe na Tw\u00f3j temat s\u0105 przetwarzane, a je\u015bli tak, to prawo dost\u0119pu do danych osobowych i informacji.<\/li>\n<li>Prawo do sprostowania danych osobowych: Je\u015bli stwierdzisz, \u017ce dane osobowe, kt\u00f3re dla Ciebie przetwarzamy, s\u0105 nieprawid\u0142owe, masz prawo za\u017c\u0105da\u0107, aby\u015bmy poprawili te dane osobowe.<\/li>\n<li>Prawo do usuni\u0119cia danych osobowych (prawo do bycia zapomnianym): W pewnych okoliczno\u015bciach, np. gdy Twoje dane osobowe by\u0142y przetwarzane niezgodnie z prawem lub cofn\u0105\u0142e\u015b zgod\u0119 (je\u017celi przetwarzanie danych osobowych odbywa si\u0119 na podstawie zgody) i nie ma powodu do dalszego przetwarzania masz prawo \u017c\u0105da\u0107 usuni\u0119cia przez nas Twoich danych osobowych.<\/li>\n<li>Prawo do \u017c\u0105dania od administratora ograniczenia przetwarzania danych wyst\u0119puje w przypadkach gdy: na przyk\u0142ad je\u015bli masz w\u0105tpliwo\u015bci co do dok\u0142adno\u015bci swoich danych osobowych lub sprzeciwi\u0142e\u015b si\u0119 naszemu prawnie uzasadnionemu celowi przetwarzania Twoich danych osobowych, masz prawo za\u017c\u0105da\u0107, aby\u015bmy ograniczyli przetwarzanie Twoich danych osobowych dop\u00f3ki nie znajdziesz rozwi\u0105zania.<\/li>\n<li>Prawo do sprzeciwu wobec przetwarzania: W pewnych okoliczno\u015bciach, np. je\u015bli masz w\u0105tpliwo\u015bci co do naszego prawnie uzasadnionego interesu w przetwarzaniu Twoich danych osobowych, masz prawo sprzeciwi\u0107 si\u0119 takiemu przetwarzaniu ze wzgl\u0119du na Twoj\u0105 szczeg\u00f3ln\u0105 sytuacj\u0119.<\/li>\n<li>Prawo do przenoszenia danych: Je\u017celi Twoje dane osobowe s\u0105 przetwarzane automatycznie za Twoj\u0105 zgod\u0105 lub w celu wype\u0142nienia naszego stosunku umownego, masz prawo za\u017c\u0105da\u0107, aby\u015bmy udost\u0119pnili Twoje dane osobowe w formacie nadaj\u0105cym si\u0119 do odczytu maszynowego w celu przes\u0142ania ich innemu administratorowi danych .<\/li>\n<li>Prawo wniesienia skargi do organu nadzorczego: Masz prawo wnie\u015b\u0107 skarg\u0119 w zwi\u0105zku z przetwarzaniem przez nas Twoich danych osobowych do w\u0142a\u015bciwego organu nadzorczego \u2013 Komisji Ochrony Danych Osobowych lub do s\u0105du.\n<p>WE WSZYSTKICH TYCH PRZYPADKACH MO\u017bESZ ZG\u0141OSI\u0106 SKARG\u0118 WYPE\u0141NIAJ\u0104C U NAS <a href=\"https:\/\/virtual-planet.eu\/contacts\/\">FORMULARZ KONTAKTOWY<\/a><\/li>\n<\/ul>\n\n<\/div>\t\t<\/div>\n\t\t\t\t<\/div>\n\t\t\t\t<div class=\"elementor-element elementor-element-ae7af2b elementor-widget elementor-widget-wgs-heading\" data-id=\"ae7af2b\" data-element_type=\"widget\" data-widget_type=\"wgs-heading.default\">\n\t\t\t\t<div class=\"elementor-widget-container\">\n\t\t\t<div class=\"wgs-heading wgs-heading--dark\">\n    \n\t\t<h3 class=\"wgs-heading--h3 text-dark\">\n\t\t\tZgoda na przetwarzanie danych osobowych przez podmioty trzecie\n\t\t<\/h3>\n\n    <\/div>\t\t<\/div>\n\t\t\t\t<\/div>\n\t\t\t\t<div class=\"elementor-element elementor-element-5e66b62 elementor-widget elementor-widget-text-editor\" data-id=\"5e66b62\" data-element_type=\"widget\" data-widget_type=\"text-editor.default\">\n\t\t\t\t<div class=\"elementor-widget-container\">\n\t\t\t<div class=\"wgs-text text-dark \">\n\t<p>Nie przekazujemy danych podmiotom trzecim, za wyj\u0105tkiem nast\u0119puj\u0105cych przypadk\u00f3w:<br \/>a. Postanowienie opisane w artykule poprzedzaj\u0105cym, kt\u00f3re jest niezb\u0119dne do zawarcia umowy pomi\u0119dzy Kupuj\u0105cym a Sprzedaj\u0105cym<br \/>b. Je\u015bli mamy prawny obowi\u0105zek ujawnienia lub udost\u0119pnienia danych;<br \/>c. Je\u015bli uzyskali\u015bmy zgod\u0119 osoby, kt\u00f3rej dane dotycz\u0105;<br \/>d. Pseudonimizowane cyfrowo dane Odwiedzaj\u0105cych, U\u017cytkownik\u00f3w i Abonent\u00f3w Platformy mog\u0105 by\u0107 automatycznie przekazywane do zewn\u0119trznych us\u0142ug naszych dostawc\u00f3w zintegrowanych z Platform\u0105 w celu zliczania naszej obecno\u015bci lub w celach reklamowych. Wi\u0119cej informacji na temat tych us\u0142ug zewn\u0119trznych mo\u017cna znale\u017a\u0107 w Polityce plik\u00f3w cookie, a tak\u017ce w ustawieniach rezygnacji z r\u00f3\u017cnych rodzaj\u00f3w us\u0142ug. Taka rezygnacja mo\u017ce by\u0107 r\u00f3wnie\u017c dokonana za pomoc\u0105 narz\u0119dzi zewn\u0119trznych (dla Google Analytics \u2013 <a href=\"https:\/\/tools.google.com\/dlpage\/gaoptout?hl=en\" target=\"_blank\" rel=\"noopener\">tutaj<\/a> ; dla platform reklamowych Google \u2013 <a href=\"https:\/\/translate.googleusercontent.com\/translate_c?depth=1&amp;hl=en&amp;rurl=translate.google.com&amp;sl=auto&amp;sp=nmt4&amp;tl=en&amp;u=https:\/\/adssettings.google.com\/authenticated&amp;usg=ALkJrhgx0a8wNjiFeKabFMzorNbowcVMlg\" target=\"_blank\" rel=\"noopener\">tutaj<\/a> ; dla platform reklamowych Facebook \u2013 <a href=\"https:\/\/quiztion.bg\/%3C\/a%3E\" target=\"_blank\" rel=\"noopener\">tutaj<\/a> ; dla innych platform \u2013 <a href=\"http:\/\/optout.aboutads.info\/?c=2&amp;lang=EN\" target=\"_blank\" rel=\"noopener\">tutaj<\/a> i <a href=\"http:\/\/www.youronlinechoices.com\/bg\/%D0%B2%D0%B0%D1%88%D0%B8%D1%8F%D1%82-%D0%B8%D0%B7%D0%B1%D0%BE%D1%80\" target=\"_blank\" rel=\"noopener\">tutaj<\/a>);<\/p>\n\n<\/div>\t\t<\/div>\n\t\t\t\t<\/div>\n\t\t\t\t<div class=\"elementor-element elementor-element-64612a2 elementor-widget elementor-widget-wgs-heading\" data-id=\"64612a2\" data-element_type=\"widget\" data-widget_type=\"wgs-heading.default\">\n\t\t\t\t<div class=\"elementor-widget-container\">\n\t\t\t<div class=\"wgs-heading wgs-heading--dark\">\n    \n\t\t<h3 class=\"wgs-heading--h3 text-dark\">\n\t\t\tOchrona danych\n\t\t<\/h3>\n\n    <\/div>\t\t<\/div>\n\t\t\t\t<\/div>\n\t\t\t\t<div class=\"elementor-element elementor-element-b21a209 elementor-widget elementor-widget-text-editor\" data-id=\"b21a209\" data-element_type=\"widget\" data-widget_type=\"text-editor.default\">\n\t\t\t\t<div class=\"elementor-widget-container\">\n\t\t\t<div class=\"wgs-text text-dark \">\n\t<p>Ze swojej strony podj\u0119li\u015bmy niezb\u0119dne \u015brodki techniczne i organizacyjne, aby zapewni\u0107 ochron\u0119 Twoich danych osobowych przed nieupowa\u017cnionym dost\u0119pem lub ujawnieniem, przypadkowym lub niezgodnym z prawem zniszczeniem lub zmian\u0105.<br \/>Informacje w formie elektronicznej przechowywane s\u0105 w bezpiecznych centrach danych na terenie ca\u0142ej Unii Europejskiej. Transfer danych pomi\u0119dzy serwerami a urz\u0105dzeniem klienckim\/przegl\u0105dark\u0105 jest szyfrowany przy u\u017cyciu protoko\u0142u HTTPS.<\/p>\n<p>Firma przechowuje adresy IP os\u00f3b, kt\u00f3rych dane dotycz\u0105, w celu umo\u017cliwienia odpowiedniej pomocy u\u017cytkownikom w r\u00f3\u017cnych okoliczno\u015bciach (na przyk\u0142ad: niezamierzone zakupy, raporty o stanie zakup\u00f3w itp.). IP s\u0105 przechowywane przez okres do 1 roku (okres ten jest zgodny z zachowaniem niekt\u00f3rych odbiorc\u00f3w platformy pod wzgl\u0119dem cz\u0119stotliwo\u015bci zakup\u00f3w i innych dzia\u0142a\u0144). Adresy IP nie s\u0105 udost\u0119pniane stronom trzecim w \u017cadnych okoliczno\u015bciach, z wyj\u0105tkiem przypadk\u00f3w opisanych.<\/p>\n<\/p>\n<p><em>Wszelkie przysz\u0142e zmiany w niniejszej Polityce b\u0119d\u0105 publikowane na tej stronie<\/em><\/p>\n\n<\/div>\t\t<\/div>\n\t\t\t\t<\/div>\n\t\t\t\t\t<\/div>\n\t\t<\/div>\n\t\t\t\t\t\t\t<\/div>\n\t\t<\/section>\n\t\t\t\t\t\t\t<\/div>\n\t\t","protected":false},"excerpt":{"rendered":"<p>Rozporz\u0105dzenie (UE) 2016\/679 Od 25 maja 2018 r. nowe rozporz\u0105dzenie o ochronie danych \u2013 Rozporz\u0105dzenie (UE) 2016\/679 \u2013 b\u0119dzie mia\u0142o zastosowanie do wszystkich obywateli UE. Niniejsza Polityka prywatno\u015bci firmy Privacy Ltd opisuje, w jaki spos\u00f3b przechowujemy, przetwarzamy i chronimy Twoje dane osobowe, kt\u00f3re nam przekazujesz w zwi\u0105zku z korzystaniem z naszych us\u0142ug.Je\u015bli masz jakiekolwiek pytania [&hellip;]<\/p>\n","protected":false},"author":2,"featured_media":0,"parent":0,"menu_order":0,"comment_status":"closed","ping_status":"closed","template":"","meta":{"inline_featured_image":false,"_monsterinsights_skip_tracking":false,"_monsterinsights_sitenote_active":false,"_monsterinsights_sitenote_note":"","_monsterinsights_sitenote_category":0,"footnotes":""},"class_list":["post-1933","page","type-page","status-publish","hentry"],"acf":[],"_links":{"self":[{"href":"https:\/\/virtual-planet.eu\/pl\/wp-json\/wp\/v2\/pages\/1933","targetHints":{"allow":["GET"]}}],"collection":[{"href":"https:\/\/virtual-planet.eu\/pl\/wp-json\/wp\/v2\/pages"}],"about":[{"href":"https:\/\/virtual-planet.eu\/pl\/wp-json\/wp\/v2\/types\/page"}],"author":[{"embeddable":true,"href":"https:\/\/virtual-planet.eu\/pl\/wp-json\/wp\/v2\/users\/2"}],"replies":[{"embeddable":true,"href":"https:\/\/virtual-planet.eu\/pl\/wp-json\/wp\/v2\/comments?post=1933"}],"version-history":[{"count":1,"href":"https:\/\/virtual-planet.eu\/pl\/wp-json\/wp\/v2\/pages\/1933\/revisions"}],"predecessor-version":[{"id":1934,"href":"https:\/\/virtual-planet.eu\/pl\/wp-json\/wp\/v2\/pages\/1933\/revisions\/1934"}],"wp:attachment":[{"href":"https:\/\/virtual-planet.eu\/pl\/wp-json\/wp\/v2\/media?parent=1933"}],"curies":[{"name":"wp","href":"https:\/\/api.w.org\/{rel}","templated":true}]}}