{"id":1569,"date":"2022-12-29T12:45:36","date_gmt":"2022-12-29T12:45:36","guid":{"rendered":"https:\/\/virtual-planet.eu\/politique-de-confidentialite\/"},"modified":"2023-05-01T07:50:11","modified_gmt":"2023-05-01T07:50:11","slug":"politique-de-confidentialite","status":"publish","type":"page","link":"https:\/\/virtual-planet.eu\/fr\/politique-de-confidentialite\/","title":{"rendered":"Politique de confidentialit\u00e9"},"content":{"rendered":"\t\t<div data-elementor-type=\"wp-page\" data-elementor-id=\"1569\" class=\"elementor elementor-1569 elementor-27\">\n\t\t\t\t\t\t\t\t\t<section class=\"elementor-section elementor-top-section elementor-element elementor-element-0669f38 animated-slow elementor-section-boxed elementor-section-height-default elementor-section-height-default elementor-invisible\" data-id=\"0669f38\" data-element_type=\"section\" data-settings=\"{&quot;animation&quot;:&quot;fadeIn&quot;}\">\n\t\t\t\t\t\t<div class=\"elementor-container elementor-column-gap-default\">\n\t\t\t\t\t<div class=\"elementor-column elementor-col-100 elementor-top-column elementor-element elementor-element-acdbaf2\" data-id=\"acdbaf2\" data-element_type=\"column\">\n\t\t\t<div class=\"elementor-widget-wrap elementor-element-populated\">\n\t\t\t\t\t\t\t\t<div class=\"elementor-element elementor-element-56af76d elementor-widget elementor-widget-wgs-heading\" data-id=\"56af76d\" data-element_type=\"widget\" data-widget_type=\"wgs-heading.default\">\n\t\t\t\t<div class=\"elementor-widget-container\">\n\t\t\t<div class=\"wgs-heading wgs-heading--dark\">\n    \n\t\t<h2 class=\"wgs-heading--h2 text-dark\">\n\t\t\tR\u00e8glement (UE) 2016\/679\n\t\t<\/h2>\n\n    <\/div>\t\t<\/div>\n\t\t\t\t<\/div>\n\t\t\t\t<div class=\"elementor-element elementor-element-88f48bd elementor-widget elementor-widget-text-editor\" data-id=\"88f48bd\" data-element_type=\"widget\" data-widget_type=\"text-editor.default\">\n\t\t\t\t<div class=\"elementor-widget-container\">\n\t\t\t<style>\/*! elementor - v3.18.0 - 20-12-2023 *\/\n.elementor-widget-text-editor.elementor-drop-cap-view-stacked .elementor-drop-cap{background-color:#69727d;color:#fff}.elementor-widget-text-editor.elementor-drop-cap-view-framed .elementor-drop-cap{color:#69727d;border:3px solid;background-color:transparent}.elementor-widget-text-editor:not(.elementor-drop-cap-view-default) .elementor-drop-cap{margin-top:8px}.elementor-widget-text-editor:not(.elementor-drop-cap-view-default) .elementor-drop-cap-letter{width:1em;height:1em}.elementor-widget-text-editor .elementor-drop-cap{float:left;text-align:center;line-height:1;font-size:50px}.elementor-widget-text-editor .elementor-drop-cap-letter{display:inline-block}<\/style><div class=\"wgs-text text-dark \">\n\t<p>\u00c0 partir du 25 mai 2018, le nouveau r\u00e8glement sur la protection des donn\u00e9es - R\u00e8glement (UE) 2016\/679 - s'appliquera \u00e0 tous les citoyens de l'UE. La pr\u00e9sente politique de confidentialit\u00e9 de Privacy Ltd d\u00e9crit comment nous stockons, traitons et prot\u00e9geons vos informations personnelles que vous nous fournissez dans le cadre de l'utilisation de nos services.<br \/>Si vous avez des questions ou des commentaires concernant cette politique, vous pouvez trouver des informations de contact sur notre page <a href=\"https:\/\/virtual-planet.eu\/fr\/contacts-fr\/\">Contactez-nous<\/a> ou nous \u00e9crire directement.<br \/>Veuillez lire attentivement la pr\u00e9sente politique avant d'utiliser nos services.<br \/>Il est important de savoir que:<\/p>\n<ul>\n<li>Si vous n'acceptez pas que vos donn\u00e9es personnelles soient trait\u00e9es de la mani\u00e8re d\u00e9crite dans la politique, veuillez ne pas nous les fournir. La fourniture de donn\u00e9es personnelles est volontaire dans le but d'utiliser ou d'acc\u00e9der aux services de notre plateforme. Tout refus de fournir les Donn\u00e9es Personnelles n\u00e9cessaires \u00e0 l'utilisation des Services de notre plateforme se traduirait par un refus d'utiliser les Services ou Fonctionnalit\u00e9s concern\u00e9s.<\/li>\n<li>Dans certains cas, votre consentement explicite au traitement des donn\u00e9es personnelles peut ne pas \u00eatre n\u00e9cessaire si une autre base l\u00e9gale est disponible, par exemple : le respect des obligations l\u00e9gales de l'administrateur ; la n\u00e9cessit\u00e9 d'ex\u00e9cuter un contrat, etc.<\/li>\n<\/ul>\n\n<\/div>\t\t<\/div>\n\t\t\t\t<\/div>\n\t\t\t\t<div class=\"elementor-element elementor-element-4dd96ca elementor-widget elementor-widget-wgs-heading\" data-id=\"4dd96ca\" data-element_type=\"widget\" data-widget_type=\"wgs-heading.default\">\n\t\t\t\t<div class=\"elementor-widget-container\">\n\t\t\t<div class=\"wgs-heading wgs-heading--dark\">\n    \n\t\t<h3 class=\"wgs-heading--h3 text-dark\">\n\t\t\tDonn\u00e9es \u00e0 caract\u00e8re personnel\n\t\t<\/h3>\n\n    <\/div>\t\t<\/div>\n\t\t\t\t<\/div>\n\t\t\t\t<div class=\"elementor-element elementor-element-e220a04 elementor-widget elementor-widget-text-editor\" data-id=\"e220a04\" data-element_type=\"widget\" data-widget_type=\"text-editor.default\">\n\t\t\t\t<div class=\"elementor-widget-container\">\n\t\t\t<div class=\"wgs-text text-dark \">\n\t<ol>\n<li>Types de personnes concern\u00e9es, cat\u00e9gories de donn\u00e9es trait\u00e9es, finalit\u00e9 du traitement, dur\u00e9e de conservation.<br \/>Selon la mani\u00e8re dont les personnes utilisent notre Plateforme et les services qu'elle fournit, elles se r\u00e9partissent en plusieurs cat\u00e9gories \u00e9num\u00e9r\u00e9es ci-dessous En fonction de celles-ci, les donn\u00e9es des sujets sont trait\u00e9es dans des registres distincts de donn\u00e9es \u00e0 caract\u00e8re personnel, dont chaque traitement peut inclure diff\u00e9rentes cat\u00e9gories de donn\u00e9es, finalit\u00e9s et motifs, p\u00e9riodes de conservation, garanties et autres.<br \/>Une m\u00eame entit\u00e9 peut relever simultan\u00e9ment de plusieurs des divisions \u00e9num\u00e9r\u00e9es Par exemple, chaque acheteur-consommateur est \u00e9galement un visiteur.\n<\/li>\n<li>Visiteur<br \/>- Un visiteur est toute personne qui charge une page web, une partie de la Plateforme, ou qui visite diverses sections et pages dans son navigateur web (que ce soit en saisissant directement l'adresse \u00e9lectronique dans le navigateur ou en renvoyant \u00e0 un autre site web ou \u00e0 une autre ressource).<br \/>- Cat\u00e9gories de donn\u00e9es pouvant \u00eatre trait\u00e9es : Identifiants en ligne stock\u00e9s dans des cookies locaux dans l'appareil \/ le navigateur du visiteur ; Informations de localisation fournies par le visiteur ; Donn\u00e9es sur le pays \/ la ville bas\u00e9es sur l'adresse IP de l'appareil de l'utilisateur, partie int\u00e9grante des informations re\u00e7ues de chaque site Web ; Informations sur les actions prises par l'entit\u00e9 dans la plate-forme ; Pr\u00e9f\u00e9rences du sujet concernant des aspects et des param\u00e8tres sp\u00e9cifiques pour la fonctionnalit\u00e9 de la plate-forme ; Informations sur le type de navigateur \/ d'appareil utilis\u00e9.<br \/>- Objectifs du traitement : Fournir des fonctions de base et auxiliaires n\u00e9cessaires au bon fonctionnement et \u00e0 la bonne marche de la Plateforme ; Comptage du trafic de la Plateforme ; Fournir les conditions n\u00e9cessaires \u00e0 la mise en \u0153uvre des services sur les plateformes de marketing.<br \/>- Dur\u00e9e de conservation : Jusqu'\u00e0 l'expiration de chaque cookie (jusqu'\u00e0 1 an \u00e0 partir du moment de son enregistrement), le support des informations pertinentes, ou jusqu'\u00e0 ce qu'il soit supprim\u00e9 par le sujet dans le dispositif \/ navigateur dans lequel il est stock\u00e9.<br \/>- Base juridique du traitement : Acceptation de la politique en mati\u00e8re de cookies<\/li>\n<\/ol>\n\n<\/div>\t\t<\/div>\n\t\t\t\t<\/div>\n\t\t\t\t<div class=\"elementor-element elementor-element-3571f48 elementor-widget elementor-widget-wgs-heading\" data-id=\"3571f48\" data-element_type=\"widget\" data-widget_type=\"wgs-heading.default\">\n\t\t\t\t<div class=\"elementor-widget-container\">\n\t\t\t<div class=\"wgs-heading wgs-heading--dark\">\n    \n\t\t<h3 class=\"wgs-heading--h3 text-dark\">\n\t\t\tVos droits\n\t\t<\/h3>\n\n    <\/div>\t\t<\/div>\n\t\t\t\t<\/div>\n\t\t\t\t<div class=\"elementor-element elementor-element-58947cb elementor-widget elementor-widget-text-editor\" data-id=\"58947cb\" data-element_type=\"widget\" data-widget_type=\"text-editor.default\">\n\t\t\t\t<div class=\"elementor-widget-container\">\n\t\t\t<div class=\"wgs-text text-dark \">\n\t<p>Si nous traitons vos donn\u00e9es personnelles, vous disposez des droits suivants que vous pouvez exercer en soumettant votre demande \u00e0 l'adresse de la soci\u00e9t\u00e9, cit\u00e9e ci-dessus, ou par voie \u00e9lectronique - \u00e0 l'adresse info@virtual-planet.eu ou via la <a href=\"https:\/\/virtual-planet.eu\/fr\/contacts-fr\/\">page Contact<\/a> :<\/p>\n<ul>\n<li>Droit d'acc\u00e8s \u00e0 vos donn\u00e9es personnelles : Vous avez le droit d'obtenir de notre part la confirmation que des donn\u00e9es \u00e0 caract\u00e8re personnel vous concernant sont trait\u00e9es et, le cas \u00e9ch\u00e9ant, l'acc\u00e8s \u00e0 ces donn\u00e9es et informations.<\/li>\n<li>Droit de rectification des donn\u00e9es \u00e0 caract\u00e8re personnel : Si vous constatez que les donn\u00e9es \u00e0 caract\u00e8re personnel que nous traitons \u00e0 votre sujet sont inexactes, vous avez le droit de nous demander de les rectifier.<\/li>\n<li>Droit \u00e0 la suppression des donn\u00e9es \u00e0 caract\u00e8re personnel (droit \u00e0 l'oubli) : Dans certaines circonstances, par exemple si vos donn\u00e9es \u00e0 caract\u00e8re personnel ont \u00e9t\u00e9 trait\u00e9es ill\u00e9galement ou si vous avez retir\u00e9 votre consentement (si le traitement des donn\u00e9es \u00e0 caract\u00e8re personnel est fond\u00e9 sur le consentement) et qu'il n'y a aucune raison de poursuivre le traitement, vous avez le droit de demander que nous effacions vos donn\u00e9es \u00e0 caract\u00e8re personnel.<\/li>\n<li>Droit de restreindre le traitement : Dans certaines circonstances, par exemple si vous avez des doutes quant \u00e0 l'exactitude de vos donn\u00e9es \u00e0 caract\u00e8re personnel ou si vous vous \u00eates oppos\u00e9 \u00e0 notre objectif l\u00e9gitime de traitement de vos donn\u00e9es \u00e0 caract\u00e8re personnel, vous avez le droit de demander que nous limitions le traitement de vos donn\u00e9es \u00e0 caract\u00e8re personnel jusqu'\u00e0 ce qu'une solution soit trouv\u00e9e.<\/li>\n<li>Droit de s'opposer au traitement : Dans certaines circonstances, par exemple si vous avez des doutes quant \u00e0 notre int\u00e9r\u00eat l\u00e9gitime \u00e0 traiter vos donn\u00e9es \u00e0 caract\u00e8re personnel, vous avez le droit de vous opposer \u00e0 ce traitement en raison de votre situation particuli\u00e8re.<\/li>\n<li>Droit de transfert des donn\u00e9es : si vos donn\u00e9es \u00e0 caract\u00e8re personnel sont trait\u00e9es par des moyens automatis\u00e9s avec votre consentement ou dans le but d'ex\u00e9cuter notre relation contractuelle, vous avez le droit de demander que nous fournissions vos donn\u00e9es \u00e0 caract\u00e8re personnel dans un format lisible par machine en vue de leur transfert \u00e0 un autre responsable du traitement des donn\u00e9es.<\/li>\n<li>Droit de d\u00e9poser une plainte aupr\u00e8s d'une autorit\u00e9 de contr\u00f4le : Vous avez le droit de d\u00e9poser une plainte concernant le traitement de vos donn\u00e9es \u00e0 caract\u00e8re personnel par nos soins aupr\u00e8s de l'autorit\u00e9 de contr\u00f4le comp\u00e9tente - la Commission de la protection des donn\u00e9es \u00e0 caract\u00e8re personnel - ou devant un tribunal.\n<p>DANS TOUS CES CAS, VOUS POUVEZ FAIRE VALOIR CES DROITS EN REMPLISSANT LE FORMULAIRE <a href=\"https:\/\/virtual-planet.eu\/fr\/contacts-fr\/\">DE CONTACT<\/a> AVEC NOUS.<\/li>\n<\/ul>\n\n<\/div>\t\t<\/div>\n\t\t\t\t<\/div>\n\t\t\t\t<div class=\"elementor-element elementor-element-ae7af2b elementor-widget elementor-widget-wgs-heading\" data-id=\"ae7af2b\" data-element_type=\"widget\" data-widget_type=\"wgs-heading.default\">\n\t\t\t\t<div class=\"elementor-widget-container\">\n\t\t\t<div class=\"wgs-heading wgs-heading--dark\">\n    \n\t\t<h3 class=\"wgs-heading--h3 text-dark\">\n\t\t\tTransmission de donn\u00e9es personnelles \u00e0 des tiers\n\t\t<\/h3>\n\n    <\/div>\t\t<\/div>\n\t\t\t\t<\/div>\n\t\t\t\t<div class=\"elementor-element elementor-element-5e66b62 elementor-widget elementor-widget-text-editor\" data-id=\"5e66b62\" data-element_type=\"widget\" data-widget_type=\"text-editor.default\">\n\t\t\t\t<div class=\"elementor-widget-container\">\n\t\t\t<div class=\"wgs-text text-dark \">\n\t<p>Nous ne fournissons pas de donn\u00e9es \u00e0 des tiers, sauf dans les cas suivants :<br \/>a. La disposition d\u00e9crite dans l'article pr\u00e9c\u00e9dent qui est n\u00e9cessaire aux fins de la conclusion d'un contrat entre l'Acheteur et le Vendeur<br \/>b. Si nous avons une obligation l\u00e9gale de divulguer ou de partager des donn\u00e9es ;<br \/>c. Si nous avons obtenu le consentement de la personne concern\u00e9e ;<br \/>d. Les donn\u00e9es num\u00e9riquement pseudonymis\u00e9es des Visiteurs, Utilisateurs et Abonn\u00e9s de la Plateforme peuvent \u00eatre fournies automatiquement \u00e0 des services externes de nos fournisseurs int\u00e9gr\u00e9s \u00e0 la Plateforme dans le but de compter notre fr\u00e9quentation ou \u00e0 des fins publicitaires. De plus amples informations sur ces services externes sont disponibles dans la Politique en mati\u00e8re de cookies, ainsi que les param\u00e8tres permettant de refuser les diff\u00e9rents types de services. Une telle d\u00e9sactivation peut \u00e9galement \u00eatre effectu\u00e9e par le biais d'outils externes (pour Google Analytics - <a href=\"https:\/\/tools.google.com\/dlpage\/gaoptout?hl=en\" target=\"_blank\" rel=\"noopener\">ici<\/a> ; pour les plateformes publicitaires de Google - <a href=\"https:\/\/translate.googleusercontent.com\/translate_c?depth=1&amp;hl=en&amp;rurl=translate.google.com&amp;sl=auto&amp;sp=nmt4&amp;tl=en&amp;u=https:\/\/adssettings.google.com\/authenticated&amp;usg=ALkJrhgx0a8wNjiFeKabFMzorNbowcVMlg\" target=\"_blank\" rel=\"noopener\">ici<\/a> ; pour les plateformes publicitaires de Facebook - <a href=\"https:\/\/quiztion.bg\/%3C\/a%3E\" target=\"_blank\" rel=\"noopener\">ici<\/a> ; pour d'autres plateformes - <a href=\"http:\/\/optout.aboutads.info\/?c=2&amp;lang=EN\" target=\"_blank\" rel=\"noopener\">ici<\/a> et <a href=\"http:\/\/www.youronlinechoices.com\/bg\/%D0%B2%D0%B0%D1%88%D0%B8%D1%8F%D1%82-%D0%B8%D0%B7%D0%B1%D0%BE%D1%80\" target=\"_blank\" rel=\"noopener\">ici<\/a> ) ;<\/p>\n\n<\/div>\t\t<\/div>\n\t\t\t\t<\/div>\n\t\t\t\t<div class=\"elementor-element elementor-element-64612a2 elementor-widget elementor-widget-wgs-heading\" data-id=\"64612a2\" data-element_type=\"widget\" data-widget_type=\"wgs-heading.default\">\n\t\t\t\t<div class=\"elementor-widget-container\">\n\t\t\t<div class=\"wgs-heading wgs-heading--dark\">\n    \n\t\t<h3 class=\"wgs-heading--h3 text-dark\">\n\t\t\tS\u00e9curit\u00e9 des donn\u00e9es\n\t\t<\/h3>\n\n    <\/div>\t\t<\/div>\n\t\t\t\t<\/div>\n\t\t\t\t<div class=\"elementor-element elementor-element-b21a209 elementor-widget elementor-widget-text-editor\" data-id=\"b21a209\" data-element_type=\"widget\" data-widget_type=\"text-editor.default\">\n\t\t\t\t<div class=\"elementor-widget-container\">\n\t\t\t<div class=\"wgs-text text-dark \">\n\t<p>Pour notre part, nous avons pris les mesures techniques et organisationnelles n\u00e9cessaires pour assurer la protection de vos donn\u00e9es personnelles contre l'acc\u00e8s ou la divulgation non autoris\u00e9s, la destruction ou l'alt\u00e9ration accidentelle ou ill\u00e9gale.<br \/>Les informations sous forme \u00e9lectronique sont stock\u00e9es dans des centres de donn\u00e9es s\u00e9curis\u00e9s dans toute l'Union europ\u00e9enne. Le transfert de donn\u00e9es entre les serveurs et le dispositif client \/ navigateur est crypt\u00e9 en utilisant HTTPS.<\/p>\n<p>Lorsque l'entreprise stocke les adresses IP des personnes concern\u00e9es, c'est pour pouvoir aider les utilisateurs de mani\u00e8re ad\u00e9quate dans diverses circonstances (par exemple : achats involontaires, rapports sur l'\u00e9tat des achats, etc.) Les adresses IP sont conserv\u00e9es pendant une dur\u00e9e maximale d'un an (cette p\u00e9riode correspond au comportement d'une partie du public de la plateforme en termes de fr\u00e9quence d'achat et d'autres actions). Les adresses IP ne sont en aucun cas communiqu\u00e9es \u00e0 des tiers, sauf dans les cas d\u00e9crits ci-dessus.<\/p>\n<\/p>\n<p><em>Toute modification future de la pr\u00e9sente politique sera publi\u00e9e sur cette page.<\/em><\/p>\n\n<\/div>\t\t<\/div>\n\t\t\t\t<\/div>\n\t\t\t\t\t<\/div>\n\t\t<\/div>\n\t\t\t\t\t\t\t<\/div>\n\t\t<\/section>\n\t\t\t\t\t\t\t<\/div>\n\t\t","protected":false},"excerpt":{"rendered":"<p>R\u00e8glement (UE) 2016\/679 \u00c0 partir du 25 mai 2018, le nouveau r\u00e8glement sur la protection des donn\u00e9es &#8211; R\u00e8glement (UE) 2016\/679 &#8211; s&rsquo;appliquera \u00e0 tous les citoyens de l&rsquo;UE. La pr\u00e9sente politique de confidentialit\u00e9 de Privacy Ltd d\u00e9crit comment nous stockons, traitons et prot\u00e9geons vos informations personnelles que vous nous fournissez dans le cadre de [&hellip;]<\/p>\n","protected":false},"author":2,"featured_media":0,"parent":0,"menu_order":0,"comment_status":"closed","ping_status":"closed","template":"","meta":{"inline_featured_image":false,"_monsterinsights_skip_tracking":false,"_monsterinsights_sitenote_active":false,"_monsterinsights_sitenote_note":"","_monsterinsights_sitenote_category":0,"footnotes":""},"class_list":["post-1569","page","type-page","status-publish","hentry"],"acf":[],"_links":{"self":[{"href":"https:\/\/virtual-planet.eu\/fr\/wp-json\/wp\/v2\/pages\/1569","targetHints":{"allow":["GET"]}}],"collection":[{"href":"https:\/\/virtual-planet.eu\/fr\/wp-json\/wp\/v2\/pages"}],"about":[{"href":"https:\/\/virtual-planet.eu\/fr\/wp-json\/wp\/v2\/types\/page"}],"author":[{"embeddable":true,"href":"https:\/\/virtual-planet.eu\/fr\/wp-json\/wp\/v2\/users\/2"}],"replies":[{"embeddable":true,"href":"https:\/\/virtual-planet.eu\/fr\/wp-json\/wp\/v2\/comments?post=1569"}],"version-history":[{"count":1,"href":"https:\/\/virtual-planet.eu\/fr\/wp-json\/wp\/v2\/pages\/1569\/revisions"}],"predecessor-version":[{"id":1570,"href":"https:\/\/virtual-planet.eu\/fr\/wp-json\/wp\/v2\/pages\/1569\/revisions\/1570"}],"wp:attachment":[{"href":"https:\/\/virtual-planet.eu\/fr\/wp-json\/wp\/v2\/media?parent=1569"}],"curies":[{"name":"wp","href":"https:\/\/api.w.org\/{rel}","templated":true}]}}