{"id":2492,"date":"2023-03-28T18:34:47","date_gmt":"2023-03-28T18:34:47","guid":{"rendered":"https:\/\/virtual-planet.eu\/juego\/gestion-de-residuos-de-plastico-y-adecuado\/gestion-de-residuos-de-plastico-y-adecuado-tabla-de-clasificacion\/"},"modified":"2023-10-19T18:57:19","modified_gmt":"2023-10-19T18:57:19","slug":"gestion-de-residuos-de-plastico-y-adecuado-tabla-de-clasificacion","status":"publish","type":"page","link":"https:\/\/virtual-planet.eu\/es\/juego\/gestion-de-residuos-de-plastico-y-adecuado\/gestion-de-residuos-de-plastico-y-adecuado-tabla-de-clasificacion\/","title":{"rendered":"Gesti\u00f3n de residuos de pl\u00e1stico y adecuado Tabla de clasificaci\u00f3n"},"content":{"rendered":"\n                <style>                                    <\/style><div class='ays_lb_container ays-leaderboard-main-container'>                <table class='ays_lb_ul ' style='width: 100%;'>                    <thead>                        <tr class='ays_lb_li' style='background: #9acc5d;'><th class='ays_lb_pos'>Posici\u00f3n<\/th><th class='ays_lb_user'>Nombre<\/th><th class='ays_lb_score'>Puntuaci\u00f3n<\/th><th class='ays_lb_duration'>Duraci\u00f3n<\/th><th class='ays_lb_points'>Puntos<\/th><\/tr>                    <\/thead>                    <tbody><tr class='ays_lb_li'><td class='ays_lb_pos'>1<\/td><td class='ays_lb_user'><span class='ays-lb-user-avatar-row'><\/span><span>Angel Petkov<\/span><\/td><td class='ays_lb_score'>21 %<\/td><td class='ays_lb_duration' data-order='18'>18 segundos<\/td><td class='ays_lb_points'>4<\/td><\/tr><\/tbody>                    <\/table>                <\/div>\n\r\n","protected":false},"excerpt":{"rendered":"","protected":false},"author":2,"featured_media":0,"parent":2490,"menu_order":0,"comment_status":"closed","ping_status":"closed","template":"","meta":{"inline_featured_image":false,"_monsterinsights_skip_tracking":false,"_monsterinsights_sitenote_active":false,"_monsterinsights_sitenote_note":"","_monsterinsights_sitenote_category":0,"footnotes":""},"class_list":["post-2492","page","type-page","status-publish","hentry"],"acf":[],"_links":{"self":[{"href":"https:\/\/virtual-planet.eu\/es\/wp-json\/wp\/v2\/pages\/2492","targetHints":{"allow":["GET"]}}],"collection":[{"href":"https:\/\/virtual-planet.eu\/es\/wp-json\/wp\/v2\/pages"}],"about":[{"href":"https:\/\/virtual-planet.eu\/es\/wp-json\/wp\/v2\/types\/page"}],"author":[{"embeddable":true,"href":"https:\/\/virtual-planet.eu\/es\/wp-json\/wp\/v2\/users\/2"}],"replies":[{"embeddable":true,"href":"https:\/\/virtual-planet.eu\/es\/wp-json\/wp\/v2\/comments?post=2492"}],"version-history":[{"count":1,"href":"https:\/\/virtual-planet.eu\/es\/wp-json\/wp\/v2\/pages\/2492\/revisions"}],"predecessor-version":[{"id":2493,"href":"https:\/\/virtual-planet.eu\/es\/wp-json\/wp\/v2\/pages\/2492\/revisions\/2493"}],"up":[{"embeddable":true,"href":"https:\/\/virtual-planet.eu\/es\/wp-json\/wp\/v2\/pages\/2490"}],"wp:attachment":[{"href":"https:\/\/virtual-planet.eu\/es\/wp-json\/wp\/v2\/media?parent=2492"}],"curies":[{"name":"wp","href":"https:\/\/api.w.org\/{rel}","templated":true}]}}