{"id":1498,"date":"2022-12-29T12:45:36","date_gmt":"2022-12-29T12:45:36","guid":{"rendered":"https:\/\/virtual-planet.eu\/politica-de-privacidad\/"},"modified":"2023-04-27T19:40:33","modified_gmt":"2023-04-27T19:40:33","slug":"politica-de-privacidad","status":"publish","type":"page","link":"https:\/\/virtual-planet.eu\/es\/politica-de-privacidad\/","title":{"rendered":"Pol\u00edtica de privacidad"},"content":{"rendered":"\t\t<div data-elementor-type=\"wp-page\" data-elementor-id=\"1498\" class=\"elementor elementor-1498 elementor-27\">\n\t\t\t\t\t\t\t\t\t<section class=\"elementor-section elementor-top-section elementor-element elementor-element-0669f38 animated-slow elementor-section-boxed elementor-section-height-default elementor-section-height-default elementor-invisible\" data-id=\"0669f38\" data-element_type=\"section\" data-settings=\"{&quot;animation&quot;:&quot;fadeIn&quot;}\">\n\t\t\t\t\t\t<div class=\"elementor-container elementor-column-gap-default\">\n\t\t\t\t\t<div class=\"elementor-column elementor-col-100 elementor-top-column elementor-element elementor-element-acdbaf2\" data-id=\"acdbaf2\" data-element_type=\"column\">\n\t\t\t<div class=\"elementor-widget-wrap elementor-element-populated\">\n\t\t\t\t\t\t\t\t<div class=\"elementor-element elementor-element-56af76d elementor-widget elementor-widget-wgs-heading\" data-id=\"56af76d\" data-element_type=\"widget\" data-widget_type=\"wgs-heading.default\">\n\t\t\t\t<div class=\"elementor-widget-container\">\n\t\t\t<div class=\"wgs-heading wgs-heading--dark\">\n    \n\t\t<h2 class=\"wgs-heading--h2 text-dark\">\n\t\t\tRegulaci\u00f3n (UE) 2016\/679\n\t\t<\/h2>\n\n    <\/div>\t\t<\/div>\n\t\t\t\t<\/div>\n\t\t\t\t<div class=\"elementor-element elementor-element-88f48bd elementor-widget elementor-widget-text-editor\" data-id=\"88f48bd\" data-element_type=\"widget\" data-widget_type=\"text-editor.default\">\n\t\t\t\t<div class=\"elementor-widget-container\">\n\t\t\t<style>\/*! elementor - v3.18.0 - 20-12-2023 *\/\n.elementor-widget-text-editor.elementor-drop-cap-view-stacked .elementor-drop-cap{background-color:#69727d;color:#fff}.elementor-widget-text-editor.elementor-drop-cap-view-framed .elementor-drop-cap{color:#69727d;border:3px solid;background-color:transparent}.elementor-widget-text-editor:not(.elementor-drop-cap-view-default) .elementor-drop-cap{margin-top:8px}.elementor-widget-text-editor:not(.elementor-drop-cap-view-default) .elementor-drop-cap-letter{width:1em;height:1em}.elementor-widget-text-editor .elementor-drop-cap{float:left;text-align:center;line-height:1;font-size:50px}.elementor-widget-text-editor .elementor-drop-cap-letter{display:inline-block}<\/style><div class=\"wgs-text text-dark \">\n\t<p>Al 25 de mayo de 2018, el nuevo Reglamento de Protecci\u00f3n de Datos - Regulaci\u00f3n (UE) 2016\/679 - se aplicar\u00e1 a todos los ciudadanos de la UE. Esta Pol\u00edtica de privacidad de Privacy Ltd describe c\u00f3mo almacenamos, procesamos y protegemos su informaci\u00f3n personal que nos proporciona en relaci\u00f3n con el uso de nuestros servicios.<br \/>Si tiene alguna pregunta o comentario sobre esta pol\u00edtica, puede encontrar informaci\u00f3n de contacto en nuestra p\u00e1gina Cont\u00e1ctenos <a href=\"https:\/\/virtual-planet.eu\/es\/contactos\/\">Cont\u00e1ctenos <\/a> o escribirnos directamente.<br \/>Lea esta pol\u00edtica cuidadosamente antes de usar nuestros servicios.<br \/>Es importante saber que:<\/p>\n<ul>\n<li>Si no acepta procesar sus datos personales de la manera descrita en la pol\u00edtica, no nos los proporcione. La provisi\u00f3n de datos personales es voluntario con el fin de usar o acceder a nuestros servicios de plataforma. Cualquier negativa a proporcionar los datos personales necesarios para usar los servicios en nuestra plataforma significar\u00eda una negativa a usar los servicios o funcionalidades relevantes.<\/li>\n<li>En ciertos casos, su consentimiento expl\u00edcito para el procesamiento de datos personales puede no ser necesario si hay otra base legal disponible, por ejemplo: cumplimiento de las obligaciones legales del administrador; la necesidad de realizar un contrato, etc.<\/li>\n<\/ul>\n\n<\/div>\t\t<\/div>\n\t\t\t\t<\/div>\n\t\t\t\t<div class=\"elementor-element elementor-element-4dd96ca elementor-widget elementor-widget-wgs-heading\" data-id=\"4dd96ca\" data-element_type=\"widget\" data-widget_type=\"wgs-heading.default\">\n\t\t\t\t<div class=\"elementor-widget-container\">\n\t\t\t<div class=\"wgs-heading wgs-heading--dark\">\n    \n\t\t<h3 class=\"wgs-heading--h3 text-dark\">\n\t\t\tInformaci\u00f3n personal\n\t\t<\/h3>\n\n    <\/div>\t\t<\/div>\n\t\t\t\t<\/div>\n\t\t\t\t<div class=\"elementor-element elementor-element-e220a04 elementor-widget elementor-widget-text-editor\" data-id=\"e220a04\" data-element_type=\"widget\" data-widget_type=\"text-editor.default\">\n\t\t\t\t<div class=\"elementor-widget-container\">\n\t\t\t<div class=\"wgs-text text-dark \">\n\t<ol>\n<li>Tipos de asignaturas de datos, categor\u00edas de datos procesados, prop\u00f3sito del procesamiento, vida \u00fatil.<br \/>Seg\u00fan la forma en que las personas usan nuestra plataforma y los servicios que brinda, caen en las diversas divisiones que se enumeran a continuaci\u00f3n. Dependiendo de ellos, los datos de los sujetos se procesan en registros separados de datos personales, cada procesamiento de los cuales puede incluir diferentes categor\u00edas de datos, prop\u00f3sitos y razones, per\u00edodos de almacenamiento, salvaguardas y otros.<br \/>La misma entidad puede caer en m\u00e1s de una de las divisiones enumeradas al mismo tiempo. Por ejemplo, cada consumidor de compradores tambi\u00e9n es un visitante.\n<\/li>\n<li>Visitante<br \/>- Un visitante es cualquier persona que carga una p\u00e1gina web, parte de la plataforma o visita varias secciones y p\u00e1ginas en su navegador web (ya sea ingresando directamente la direcci\u00f3n de correo electr\u00f3nico en el navegador o referi\u00e9ndose a otro sitio web o recurso).<br \/>- Categor\u00edas de datos que se pueden procesar: identificadores en l\u00ednea almacenados en cookies locales en el dispositivo \/ navegador del visitante; Informaci\u00f3n de ubicaci\u00f3n proporcionada por el visitante; Datos de pa\u00eds \/ ciudad basados \u200b\u200ben la direcci\u00f3n IP del dispositivo de usuario, una parte integral de la informaci\u00f3n recibida de cada sitio web; Informaci\u00f3n sobre las acciones tomadas por la entidad en la plataforma; Preferencias del sujeto con respecto a aspectos y configuraciones espec\u00edficos para la funcionalidad de la plataforma; Informaci\u00f3n sobre el tipo de navegador \/ dispositivo utilizado.<br \/>- Objetivos de procesamiento: proporcionar funciones b\u00e1sicas y auxiliares necesarias para el funcionamiento adecuado y adecuado de la plataforma; La plataforma cuenta de tr\u00e1fico; Proporcionando las condiciones necesarias para la implementaci\u00f3n de servicios en plataformas de marketing.<br \/>- Life de la plataforma: hasta el vencimiento de cada cookie (hasta 1 a\u00f1o desde el momento de su grabaci\u00f3n), los medios de comunicaci\u00f3n de la informaci\u00f3n relevante, o hasta que la elimine el sujeto en cuyo dispositivo \/ navegador se almacena.<br \/>- Base legal para el procesamiento: acepta la pol\u00edtica de cookies.<\/li>\n<\/ol>\n\n<\/div>\t\t<\/div>\n\t\t\t\t<\/div>\n\t\t\t\t<div class=\"elementor-element elementor-element-3571f48 elementor-widget elementor-widget-wgs-heading\" data-id=\"3571f48\" data-element_type=\"widget\" data-widget_type=\"wgs-heading.default\">\n\t\t\t\t<div class=\"elementor-widget-container\">\n\t\t\t<div class=\"wgs-heading wgs-heading--dark\">\n    \n\t\t<h3 class=\"wgs-heading--h3 text-dark\">\n\t\t\tTus derechos\n\t\t<\/h3>\n\n    <\/div>\t\t<\/div>\n\t\t\t\t<\/div>\n\t\t\t\t<div class=\"elementor-element elementor-element-58947cb elementor-widget elementor-widget-text-editor\" data-id=\"58947cb\" data-element_type=\"widget\" data-widget_type=\"text-editor.default\">\n\t\t\t\t<div class=\"elementor-widget-container\">\n\t\t\t<div class=\"wgs-text text-dark \">\n\t<p>Si procesamos sus datos personales, tiene los siguientes derechos que puede ejercer enviando su solicitud a la direcci\u00f3n de la empresa, citada anteriormente o electr\u00f3nicamente, a info@virtual-planet.eu o a trav\u00e9s de la p\u00e1gina de <a href=\"https:\/\/virtual-planet.eu\/es\/contactos\/\">contacto<\/a> :<\/p>\n<ul>\n<li>Derecho de acceso a sus datos personales: tiene derecho a recibir la confirmaci\u00f3n de nosotros si los datos personales sobre usted son procesados \u200b\u200by, de ser as\u00ed, acceso a datos e informaci\u00f3n personales.<\/li>\n<li>Derecho a rectificar los datos personales: si encuentra que los datos personales que procesamos para usted son inexactos, tiene derecho a solicitar que corrigamos esos datos personales.<\/li>\n<li>Derecho a eliminar datos personales (derecho a ser olvidado): en ciertas circunstancias, como si sus datos personales se procesaran ilegalmente o si retirara su consentimiento (si el procesamiento de datos personales se basa en el consentimiento) y no hay raz\u00f3n para continuar procesando , tiene derecho a solicitar la eliminaci\u00f3n de sus datos personales por nosotros.<\/li>\n<li>Derecho a restringir el procesamiento: en ciertas circunstancias, como si tiene dudas sobre la precisi\u00f3n de sus datos personales o se ha opuesto a nuestro prop\u00f3sito leg\u00edtimo para procesar sus datos personales, tiene derecho a solicitar que restrinjamos el procesamiento de sus datos personales Hasta que se encuentre una soluci\u00f3n.<\/li>\n<li>Derecho a objetar el procesamiento: en ciertas circunstancias, como si tenga dudas sobre nuestro inter\u00e9s leg\u00edtimo en procesar sus datos personales, tiene derecho a objetar dicho procesamiento debido a su situaci\u00f3n espec\u00edfica.<\/li>\n<li>Derecho de transferencia de datos: si sus datos personales se procesan por medios autom\u00e1ticos en su consentimiento o con el fin de cumplir con nuestra relaci\u00f3n contractual, tiene derecho a solicitar que proporcionemos sus datos personales en un formato legible por m\u00e1quina para transferir a otro controlador de datos.<\/li>\n<li>Derecho a presentar una queja ante una autoridad de supervisi\u00f3n: tiene derecho a presentar una queja sobre el procesamiento de sus datos personales por parte de nosotros en la Autoridad de Supervisi\u00f3n pertinente: la Comisi\u00f3n de Protecci\u00f3n de Datos Personales o en la corte.\n<p>En todos estos casos, puede enviarlos sus derechos completando el formulario de contacto <a href=\"https:\/\/virtual-planet.eu\/es\/contactos\/\">contacto<\/a> con nosotros<\/li>\n<\/ul>\n\n<\/div>\t\t<\/div>\n\t\t\t\t<\/div>\n\t\t\t\t<div class=\"elementor-element elementor-element-ae7af2b elementor-widget elementor-widget-wgs-heading\" data-id=\"ae7af2b\" data-element_type=\"widget\" data-widget_type=\"wgs-heading.default\">\n\t\t\t\t<div class=\"elementor-widget-container\">\n\t\t\t<div class=\"wgs-heading wgs-heading--dark\">\n    \n\t\t<h3 class=\"wgs-heading--h3 text-dark\">\n\t\t\tPresentaci\u00f3n de datos personales a terceros\n\t\t<\/h3>\n\n    <\/div>\t\t<\/div>\n\t\t\t\t<\/div>\n\t\t\t\t<div class=\"elementor-element elementor-element-5e66b62 elementor-widget elementor-widget-text-editor\" data-id=\"5e66b62\" data-element_type=\"widget\" data-widget_type=\"text-editor.default\">\n\t\t\t\t<div class=\"elementor-widget-container\">\n\t\t\t<div class=\"wgs-text text-dark \">\n\t<p>No proporcionamos datos a terceros, excepto en los siguientes casos:<br \/>a. La disposici\u00f3n descrita en el art\u00edculo anterior que es necesario para concluir un contrato entre el comprador y el vendedor.<br \/>b. Si tenemos la obligaci\u00f3n legal de divulgar o compartir datos;<br \/>c. Si hemos obtenido el consentimiento del tema de los datos en cuesti\u00f3n;<br \/>d. Se pueden proporcionar datos digitalmente pseudonimizados para los visitantes, usuarios y suscriptores de la plataforma autom\u00e1ticamente a los servicios externos de nuestros proveedores integrados en la plataforma con el fin de contar nuestra asistencia o para fines publicitarios. Se puede encontrar m\u00e1s informaci\u00f3n sobre estos servicios externos en la pol\u00edtica de cookies, as\u00ed como la configuraci\u00f3n de la opci\u00f3n de exclusi\u00f3n de diferentes tipos de servicios. Dicha opci\u00f3n tambi\u00e9n se puede hacer a trav\u00e9s de herramientas externas (para Google Analytics \u2013 <a href=\"https:\/\/tools.google.com\/dlpage\/gaoptout?hl=en\" target=\"_blank\" rel=\"noopener\">aqu\u00ed<\/a> ; para las plataformas de publicidad de Google, \u2013 <a href=\"https:\/\/translate.googleusercontent.com\/translate_c?depth=1&amp;hl=en&amp;rurl=translate.google.com&amp;sl=auto&amp;sp=nmt4&amp;tl=en&amp;u=https:\/\/adssettings.google.com\/authenticated&amp;usg=ALkJrhgx0a8wNjiFeKabFMzorNbowcVMlg\" target=\"_blank\" rel=\"noopener\">aqu\u00ed<\/a> ; para las plataformas de publicidad de Facebook \u2013 <a href=\"https:\/\/quiztion.bg\/%3C\/a%3E\" target=\"_blank\" rel=\"noopener\">aqu\u00ed<\/a> ; para otras plataformas \u2013 <a href=\"http:\/\/optout.aboutads.info\/?c=2&amp;lang=EN\" target=\"_blank\" rel=\"noopener\">aqu\u00ed<\/a> y <a href=\"http:\/\/www.youronlinechoices.com\/bg\/%D0%B2%D0%B0%D1%88%D0%B8%D1%8F%D1%82-%D0%B8%D0%B7%D0%B1%D0%BE%D1%80\" target=\"_blank\" rel=\"noopener\">aqu\u00ed<\/a> );<\/p>\n\n<\/div>\t\t<\/div>\n\t\t\t\t<\/div>\n\t\t\t\t<div class=\"elementor-element elementor-element-64612a2 elementor-widget elementor-widget-wgs-heading\" data-id=\"64612a2\" data-element_type=\"widget\" data-widget_type=\"wgs-heading.default\">\n\t\t\t\t<div class=\"elementor-widget-container\">\n\t\t\t<div class=\"wgs-heading wgs-heading--dark\">\n    \n\t\t<h3 class=\"wgs-heading--h3 text-dark\">\n\t\t\tSeguridad de datos\n\t\t<\/h3>\n\n    <\/div>\t\t<\/div>\n\t\t\t\t<\/div>\n\t\t\t\t<div class=\"elementor-element elementor-element-b21a209 elementor-widget elementor-widget-text-editor\" data-id=\"b21a209\" data-element_type=\"widget\" data-widget_type=\"text-editor.default\">\n\t\t\t\t<div class=\"elementor-widget-container\">\n\t\t\t<div class=\"wgs-text text-dark \">\n\t<p>Por nuestra parte, hemos tomado las medidas t\u00e9cnicas y organizativas necesarias para garantizar la protecci\u00f3n de sus datos personales contra el acceso o la divulgaci\u00f3n no autorizados, la destrucci\u00f3n o alteraci\u00f3n accidental o ilegal.<br \/>La informaci\u00f3n en forma electr\u00f3nica se almacena en centros de datos seguros en toda la Uni\u00f3n Europea. La transferencia de datos entre servidores y dispositivo \/ navegador cliente est\u00e1 encriptada utilizando HTTPS.<\/p>\n<p>Cuando la Compa\u00f1\u00eda almacena las direcciones IP de los sujetos de datos, esto se hace para poder ayudar adecuadamente a los usuarios en diversas circunstancias (por ejemplo: compras no intencionales, informes de estado de compra, etc.). Los IP se almacenan por hasta 1 a\u00f1o (este per\u00edodo es consistente con el comportamiento de parte de la audiencia de la plataforma en t\u00e9rminos de frecuencia de compras y otras acciones). Los IP no se proporcionan a terceros bajo ninguna circunstancia, excepto como se describe.<\/p>\n<\/p>\n<p><em>Cualquier cambio futuro en esta pol\u00edtica se publicar\u00e1 en esta p\u00e1gina<\/em><\/p>\n\n<\/div>\t\t<\/div>\n\t\t\t\t<\/div>\n\t\t\t\t\t<\/div>\n\t\t<\/div>\n\t\t\t\t\t\t\t<\/div>\n\t\t<\/section>\n\t\t\t\t\t\t\t<\/div>\n\t\t","protected":false},"excerpt":{"rendered":"<p>Regulaci\u00f3n (UE) 2016\/679 Al 25 de mayo de 2018, el nuevo Reglamento de Protecci\u00f3n de Datos &#8211; Regulaci\u00f3n (UE) 2016\/679 &#8211; se aplicar\u00e1 a todos los ciudadanos de la UE. Esta Pol\u00edtica de privacidad de Privacy Ltd describe c\u00f3mo almacenamos, procesamos y protegemos su informaci\u00f3n personal que nos proporciona en relaci\u00f3n con el uso de [&hellip;]<\/p>\n","protected":false},"author":2,"featured_media":0,"parent":0,"menu_order":0,"comment_status":"closed","ping_status":"closed","template":"","meta":{"inline_featured_image":false,"_monsterinsights_skip_tracking":false,"_monsterinsights_sitenote_active":false,"_monsterinsights_sitenote_note":"","_monsterinsights_sitenote_category":0,"footnotes":""},"class_list":["post-1498","page","type-page","status-publish","hentry"],"acf":[],"_links":{"self":[{"href":"https:\/\/virtual-planet.eu\/es\/wp-json\/wp\/v2\/pages\/1498","targetHints":{"allow":["GET"]}}],"collection":[{"href":"https:\/\/virtual-planet.eu\/es\/wp-json\/wp\/v2\/pages"}],"about":[{"href":"https:\/\/virtual-planet.eu\/es\/wp-json\/wp\/v2\/types\/page"}],"author":[{"embeddable":true,"href":"https:\/\/virtual-planet.eu\/es\/wp-json\/wp\/v2\/users\/2"}],"replies":[{"embeddable":true,"href":"https:\/\/virtual-planet.eu\/es\/wp-json\/wp\/v2\/comments?post=1498"}],"version-history":[{"count":1,"href":"https:\/\/virtual-planet.eu\/es\/wp-json\/wp\/v2\/pages\/1498\/revisions"}],"predecessor-version":[{"id":1499,"href":"https:\/\/virtual-planet.eu\/es\/wp-json\/wp\/v2\/pages\/1498\/revisions\/1499"}],"wp:attachment":[{"href":"https:\/\/virtual-planet.eu\/es\/wp-json\/wp\/v2\/media?parent=1498"}],"curies":[{"name":"wp","href":"https:\/\/api.w.org\/{rel}","templated":true}]}}