{"id":1432,"date":"2022-11-21T20:42:49","date_gmt":"2022-11-21T20:42:49","guid":{"rendered":"https:\/\/virtual-planet.eu\/inicio\/"},"modified":"2023-04-24T20:00:56","modified_gmt":"2023-04-24T20:00:56","slug":"inicio","status":"publish","type":"page","link":"https:\/\/virtual-planet.eu\/es\/","title":{"rendered":"Inicio"},"content":{"rendered":"\t\t<div data-elementor-type=\"wp-page\" data-elementor-id=\"1432\" class=\"elementor elementor-1432 elementor-11\">\n\t\t\t\t\t\t\t\t\t<section class=\"elementor-section elementor-top-section elementor-element elementor-element-7c98fda elementor-section-full_width elementor-section-height-default elementor-section-height-default\" data-id=\"7c98fda\" data-element_type=\"section\" data-settings=\"{&quot;background_background&quot;:&quot;classic&quot;}\">\n\t\t\t\t\t\t<div class=\"elementor-container elementor-column-gap-default\">\n\t\t\t\t\t<div class=\"elementor-column elementor-col-100 elementor-top-column elementor-element elementor-element-8150dd6\" data-id=\"8150dd6\" data-element_type=\"column\">\n\t\t\t<div class=\"elementor-widget-wrap elementor-element-populated\">\n\t\t\t\t\t\t\t\t<div class=\"elementor-element elementor-element-34937f6 elementor-widget elementor-widget-wgs-scroll-content\" data-id=\"34937f6\" data-element_type=\"widget\" data-widget_type=\"wgs-scroll-content.default\">\n\t\t\t\t<div class=\"elementor-widget-container\">\n\t\t\t<div class=\"wgs-scroll-content container\">\n\t<div class=\"row\">\n\t\t<div class=\"col-12 col-lg-6 wgs-scroll-content--left-column mt-5 mb-lg-0 mb-5 mb-lg-0\">\n\t\t\t<div class=\"wgs-scroll-content__image\">\n\t\t\t\t<img decoding=\"async\" src=\"https:\/\/virtual-planet.eu\/wp-content\/uploads\/2023\/01\/3d_planet.png\" title=\"3d_planet\" alt=\"3D Planet\" loading=\"lazy\" \/>\n\t\t\t<\/div>\n\t\t<\/div>\n\t\t<div class=\"col-12 col-lg-6 wgs-scroll-content--right-column\">\n\t\t\t\t\t\t\t<div class=\"wgs-scroll-content__item\">\n\t\t\t\t\t\t\t\t\t\t\t<h1>\n\t\t\t\t\t\t\tYou(th) Play\n\t\t\t\t\t\t<\/h1>\n\t\t\t\t\t\t\t\t\t\t\t\t\t\t\t\t<div class=\"mt-4 wgs-scroll-content__description\">\n\t\t\t\t\t\t\t<p>es un proyecto que tiene como objetivo ense\u00f1ar a los j\u00f3venes su impacto en el medio ambiente, a trav\u00e9s del aprendizaje basado en juegos.<\/p>\n\n\t\t\t\t\t\t<\/div>\n\t\t\t\t\t\t\t\t\t\t\t\t\t\t<\/div>\n\t\t\t\t\t\t\t<div class=\"wgs-scroll-content__item\">\n\t\t\t\t\t\t\t\t\t\t\t<h2>\n\t\t\t\t\t\t\tVirtual Planet\n\t\t\t\t\t\t<\/h2>\n\t\t\t\t\t\t\t\t\t\t\t\t\t\t\t\t<div class=\"mt-4 wgs-scroll-content__description\">\n\t\t\t\t\t\t\t<p>es un juego que se puede jugar tanto en l\u00ednea como en f\u00edsico. En el juego, el jugador se desplaza alrededor del planeta, planteando preguntas sobre las acciones de la vida real que pueden tener un impacto en el medio ambiente. Las respuestas est\u00e1n respaldadas por hechos y proporcionan informaci\u00f3n adicional sobre el tema, para que el jugador pueda obtener m\u00e1s informaci\u00f3n.<\/p>\n\n\t\t\t\t\t\t<\/div>\n\t\t\t\t\t\t\t\t\t\t\t\t\t\t<\/div>\n\t\t\t\t\t\t\t<div class=\"wgs-scroll-content__item\">\n\t\t\t\t\t\t\t\t\t\t\t\t\t\t\t\t<div class=\"mt-4 wgs-scroll-content__description\">\n\t\t\t\t\t\t\t<p>El juego aborda los temas importantes de la preservaci\u00f3n ambiental y la lucha contra el cambio clim\u00e1tico, ambos altamente priorizados por la UE. A trav\u00e9s del m\u00e9todo de aprendizaje basado en el juego, esperamos proporcionar a los j\u00f3venes y a los educadores el conocimiento necesario sobre c\u00f3mo ser amables con nuestro planeta.<\/p>\n\n\t\t\t\t\t\t<\/div>\n\t\t\t\t\t\t\t\t\t\t\t\t\t\t\t\t<div class=\"mt-4\">\n\t\t\t\t\t\t\t<a href=\"https:\/\/virtual-planet.eu\/es\/proyecto\/\"  class=\"btn btn-secondary\">Aprende m\u00e1s<\/a>\n\t\t\t\t\t\t<\/div>\n\t\t\t\t\t\t\t\t\t<\/div>\n\t\t\t\t\t<\/div>\n\t<\/div>\n<\/div>\t\t<\/div>\n\t\t\t\t<\/div>\n\t\t\t\t\t<\/div>\n\t\t<\/div>\n\t\t\t\t\t\t\t<\/div>\n\t\t<\/section>\n\t\t\t\t<section class=\"elementor-section elementor-top-section elementor-element elementor-element-1984c26 animated-slow elementor-section-boxed elementor-section-height-default elementor-section-height-default elementor-invisible\" data-id=\"1984c26\" data-element_type=\"section\" data-settings=\"{&quot;animation&quot;:&quot;zoomIn&quot;}\">\n\t\t\t\t\t\t<div class=\"elementor-container elementor-column-gap-default\">\n\t\t\t\t\t<div class=\"elementor-column elementor-col-100 elementor-top-column elementor-element elementor-element-c23f358\" data-id=\"c23f358\" data-element_type=\"column\">\n\t\t\t<div class=\"elementor-widget-wrap elementor-element-populated\">\n\t\t\t\t\t\t\t\t<div class=\"elementor-element elementor-element-e26c167 elementor-widget elementor-widget-wgs-heading\" data-id=\"e26c167\" data-element_type=\"widget\" data-widget_type=\"wgs-heading.default\">\n\t\t\t\t<div class=\"elementor-widget-container\">\n\t\t\t<div class=\"wgs-heading wgs-heading--center wgs-heading--dark\">\n    \n\t\t<h2 class=\"wgs-heading--h2 text-dark\">\n\t\t\tObjetivos del proyecto\n\t\t<\/h2>\n\n    <\/div>\t\t<\/div>\n\t\t\t\t<\/div>\n\t\t\t\t\t<\/div>\n\t\t<\/div>\n\t\t\t\t\t\t\t<\/div>\n\t\t<\/section>\n\t\t\t\t<section class=\"elementor-section elementor-top-section elementor-element elementor-element-2da2c6e animated-slow elementor-section-boxed elementor-section-height-default elementor-section-height-default elementor-invisible\" data-id=\"2da2c6e\" data-element_type=\"section\" data-settings=\"{&quot;animation&quot;:&quot;zoomIn&quot;}\">\n\t\t\t\t\t\t<div class=\"elementor-container elementor-column-gap-default\">\n\t\t\t\t\t<div class=\"elementor-column elementor-col-50 elementor-top-column elementor-element elementor-element-045d872\" data-id=\"045d872\" data-element_type=\"column\">\n\t\t\t<div class=\"elementor-widget-wrap elementor-element-populated\">\n\t\t\t\t\t\t\t\t<div class=\"elementor-element elementor-element-d6629ff elementor-widget elementor-widget-wgs-info-box\" data-id=\"d6629ff\" data-element_type=\"widget\" data-widget_type=\"wgs-info-box.default\">\n\t\t\t\t<div class=\"elementor-widget-container\">\n\t\t\t<div class=\"wgs-info-box\">\n\t<div class=\"wgs-info-box__accent bg-primary\"><\/div>\n\t<h4 class=\"wgs-info-box__title mb-4\">\n\t\tDesarollar\n\t<\/h4>\n\t<div class=\"wgs-info-box__description\">\n\t\tla capacidad de todos los socios para implementar el aprendizaje combinado y moderno en el tema del cambio clim\u00e1tico\n\t<\/div>\n<\/div>\t\t<\/div>\n\t\t\t\t<\/div>\n\t\t\t\t\t<\/div>\n\t\t<\/div>\n\t\t\t\t<div class=\"elementor-column elementor-col-50 elementor-top-column elementor-element elementor-element-7f82455\" data-id=\"7f82455\" data-element_type=\"column\">\n\t\t\t<div class=\"elementor-widget-wrap elementor-element-populated\">\n\t\t\t\t\t\t\t\t<div class=\"elementor-element elementor-element-936eaa7 elementor-widget elementor-widget-wgs-info-box\" data-id=\"936eaa7\" data-element_type=\"widget\" data-widget_type=\"wgs-info-box.default\">\n\t\t\t\t<div class=\"elementor-widget-container\">\n\t\t\t<div class=\"wgs-info-box\">\n\t<div class=\"wgs-info-box__accent bg-secondary\"><\/div>\n\t<h4 class=\"wgs-info-box__title mb-4\">\n\t\tDesarrollar\n\t<\/h4>\n\t<div class=\"wgs-info-box__description\">\n\t\tcontenido de alta calidad en lo que respecta a los problemas ambientales a trav\u00e9s del aprendizaje basado en juegos\n\t<\/div>\n<\/div>\t\t<\/div>\n\t\t\t\t<\/div>\n\t\t\t\t\t<\/div>\n\t\t<\/div>\n\t\t\t\t\t\t\t<\/div>\n\t\t<\/section>\n\t\t\t\t<section class=\"elementor-section elementor-top-section elementor-element elementor-element-6e5a37b animated-slow elementor-section-boxed elementor-section-height-default elementor-section-height-default elementor-invisible\" data-id=\"6e5a37b\" data-element_type=\"section\" data-settings=\"{&quot;animation&quot;:&quot;zoomIn&quot;}\">\n\t\t\t\t\t\t<div class=\"elementor-container elementor-column-gap-default\">\n\t\t\t\t\t<div class=\"elementor-column elementor-col-50 elementor-top-column elementor-element elementor-element-6cc1404\" data-id=\"6cc1404\" data-element_type=\"column\">\n\t\t\t<div class=\"elementor-widget-wrap elementor-element-populated\">\n\t\t\t\t\t\t\t\t<div class=\"elementor-element elementor-element-302e606 elementor-widget elementor-widget-wgs-info-box\" data-id=\"302e606\" data-element_type=\"widget\" data-widget_type=\"wgs-info-box.default\">\n\t\t\t\t<div class=\"elementor-widget-container\">\n\t\t\t<div class=\"wgs-info-box\">\n\t<div class=\"wgs-info-box__accent bg-danger\"><\/div>\n\t<h4 class=\"wgs-info-box__title mb-4\">\n\t\tEmpoderar\n\t<\/h4>\n\t<div class=\"wgs-info-box__description\">\n\t\ta los j\u00f3venes y educadores ense\u00f1\u00e1ndoles sobre los pasos de la vida real que pueden tomar para tener un impacto positivo en el planeta\n\t<\/div>\n<\/div>\t\t<\/div>\n\t\t\t\t<\/div>\n\t\t\t\t\t<\/div>\n\t\t<\/div>\n\t\t\t\t<div class=\"elementor-column elementor-col-50 elementor-top-column elementor-element elementor-element-c305513\" data-id=\"c305513\" data-element_type=\"column\">\n\t\t\t<div class=\"elementor-widget-wrap elementor-element-populated\">\n\t\t\t\t\t\t\t\t<div class=\"elementor-element elementor-element-b47e948 elementor-widget elementor-widget-wgs-info-box\" data-id=\"b47e948\" data-element_type=\"widget\" data-widget_type=\"wgs-info-box.default\">\n\t\t\t\t<div class=\"elementor-widget-container\">\n\t\t\t<div class=\"wgs-info-box\">\n\t<div class=\"wgs-info-box__accent bg-warning\"><\/div>\n\t<h4 class=\"wgs-info-box__title mb-4\">\n\t\tCompartir\n\t<\/h4>\n\t<div class=\"wgs-info-box__description\">\n\t\tlas mejores pr\u00e1cticas en conciencia clim\u00e1tica y aprendizaje basado en juegos\n\t<\/div>\n<\/div>\t\t<\/div>\n\t\t\t\t<\/div>\n\t\t\t\t\t<\/div>\n\t\t<\/div>\n\t\t\t\t\t\t\t<\/div>\n\t\t<\/section>\n\t\t\t\t<section class=\"elementor-section elementor-top-section elementor-element elementor-element-920c096 elementor-section-content-middle elementor-reverse-mobile animated-slow elementor-section-boxed elementor-section-height-default elementor-section-height-default elementor-invisible\" data-id=\"920c096\" data-element_type=\"section\" data-settings=\"{&quot;background_background&quot;:&quot;classic&quot;,&quot;animation&quot;:&quot;fadeIn&quot;}\">\n\t\t\t\t\t\t\t<div class=\"elementor-background-overlay\"><\/div>\n\t\t\t\t\t\t\t<div class=\"elementor-container elementor-column-gap-default\">\n\t\t\t\t\t<div class=\"elementor-column elementor-col-50 elementor-top-column elementor-element elementor-element-701630e\" data-id=\"701630e\" data-element_type=\"column\">\n\t\t\t<div class=\"elementor-widget-wrap elementor-element-populated\">\n\t\t\t\t\t\t\t\t<div class=\"elementor-element elementor-element-3564dfa elementor-widget elementor-widget-wgs-quote\" data-id=\"3564dfa\" data-element_type=\"widget\" data-widget_type=\"wgs-quote.default\">\n\t\t\t\t<div class=\"elementor-widget-container\">\n\t\t\t<div class=\"wgs-quote text-center text-md-left\">\n\t<svg class=\"icon-lg icon-light mb-2\">\n\t\t<use href=\"https:\/\/virtual-planet.eu\/wp-content\/themes\/virtual-planet\/assets\/\/icons-sprite.svg#quote\" \/>\n\t<\/svg>\n\t<div class=\"wgs-quote__content mb-3 text-light\">\n\t\tPermitamos que la naturaleza se salga con la suya. Ella entiende su negocio mejor que nosotros.\n\t<\/div>\n\t<div class=\"wgs-quote__author text-light\">\n\t\tMichel de Montaigne\n\t<\/div>\n<\/div>\t\t<\/div>\n\t\t\t\t<\/div>\n\t\t\t\t\t<\/div>\n\t\t<\/div>\n\t\t\t\t<div class=\"elementor-column elementor-col-50 elementor-top-column elementor-element elementor-element-b7e2e1e\" data-id=\"b7e2e1e\" data-element_type=\"column\">\n\t\t\t<div class=\"elementor-widget-wrap elementor-element-populated\">\n\t\t\t\t\t\t\t\t<div class=\"elementor-element elementor-element-3902d17 elementor-widget elementor-widget-wgs-image\" data-id=\"3902d17\" data-element_type=\"widget\" data-widget_type=\"wgs-image.default\">\n\t\t\t\t<div class=\"elementor-widget-container\">\n\t\t\t<div class=\"wgs-image wgs-image--rounded\">\n    \n        <img decoding=\"async\" width=\"220\" height=\"221\" src=\"https:\/\/virtual-planet.eu\/wp-content\/uploads\/2023\/01\/earth-leaf.svg\" class=\"attachment-full size-full wp-image-263\" alt=\"Earth Leaf\" \/>\n\n        <\/div>\t\t<\/div>\n\t\t\t\t<\/div>\n\t\t\t\t\t<\/div>\n\t\t<\/div>\n\t\t\t\t\t\t\t<\/div>\n\t\t<\/section>\n\t\t\t\t<section class=\"elementor-section elementor-top-section elementor-element elementor-element-027585f animated-slow elementor-section-boxed elementor-section-height-default elementor-section-height-default elementor-invisible\" data-id=\"027585f\" data-element_type=\"section\" data-settings=\"{&quot;animation&quot;:&quot;slideInDown&quot;}\">\n\t\t\t\t\t\t<div class=\"elementor-container elementor-column-gap-default\">\n\t\t\t\t\t<div class=\"elementor-column elementor-col-100 elementor-top-column elementor-element elementor-element-96afe6a\" data-id=\"96afe6a\" data-element_type=\"column\">\n\t\t\t<div class=\"elementor-widget-wrap elementor-element-populated\">\n\t\t\t\t\t\t\t\t<div class=\"elementor-element elementor-element-a0bb3a6 elementor-widget elementor-widget-wgs-heading\" data-id=\"a0bb3a6\" data-element_type=\"widget\" data-widget_type=\"wgs-heading.default\">\n\t\t\t\t<div class=\"elementor-widget-container\">\n\t\t\t<div class=\"wgs-heading wgs-heading--center wgs-heading--dark\">\n    \n\t\t<h2 class=\"wgs-heading--h2 text-dark\">\n\t\t\t\u00daltimas noticias\n\t\t<\/h2>\n\n    <\/div>\t\t<\/div>\n\t\t\t\t<\/div>\n\t\t\t\t\t<\/div>\n\t\t<\/div>\n\t\t\t\t\t\t\t<\/div>\n\t\t<\/section>\n\t\t\t\t<section class=\"elementor-section elementor-top-section elementor-element elementor-element-e54d24b animated-slow elementor-section-boxed elementor-section-height-default elementor-section-height-default elementor-invisible\" data-id=\"e54d24b\" data-element_type=\"section\" data-settings=\"{&quot;animation&quot;:&quot;fadeIn&quot;}\">\n\t\t\t\t\t\t<div class=\"elementor-container elementor-column-gap-default\">\n\t\t\t\t\t<div class=\"elementor-column elementor-col-100 elementor-top-column elementor-element elementor-element-24a7b18\" data-id=\"24a7b18\" data-element_type=\"column\">\n\t\t\t<div class=\"elementor-widget-wrap elementor-element-populated\">\n\t\t\t\t\t\t\t\t<div class=\"elementor-element elementor-element-064c062 elementor-widget elementor-widget-wgs-blog-posts\" data-id=\"064c062\" data-element_type=\"widget\" data-widget_type=\"wgs-blog-posts.default\">\n\t\t\t\t<div class=\"elementor-widget-container\">\n\t\t\t<div class=\"blog-listing\">\n    \t\t<a href=\"https:\/\/virtual-planet.eu\/es\/virtual-game-is-online\/\" class=\"single-article d-flex align-items-end\" style=\"background-image: url(https:\/\/virtual-planet.eu\/wp-content\/uploads\/2023\/09\/close-up-woman-working-with-her-laptop-outdoors-1024x684.jpg)\">\n\t\t\t<h4 class=\"text-light\">El juego virtual est\u00e1 en l\u00ednea<\/h4>\n\t\t<\/a>\n    \t\t<a href=\"https:\/\/virtual-planet.eu\/es\/conciencia-medioambiental-en-bulgaria\/\" class=\"single-article d-flex align-items-end\" style=\"background-image: url(https:\/\/virtual-planet.eu\/wp-content\/uploads\/2023\/06\/tree-g5063763e9_1920-1024x683.jpg)\">\n\t\t\t<h4 class=\"text-light\">Conciencia medioambiental en Bulgaria<\/h4>\n\t\t<\/a>\n    \t\t<a href=\"https:\/\/virtual-planet.eu\/es\/por-que-el-aprendizaje-basado-en-juegos\/\" class=\"single-article d-flex align-items-end\" style=\"background-image: url(https:\/\/virtual-planet.eu\/wp-content\/uploads\/2023\/04\/examining-molecular-model-1024x684.jpg)\">\n\t\t\t<h4 class=\"text-light\">\u00bfPor qu\u00e9 el aprendizaje basado en juegos?<\/h4>\n\t\t<\/a>\n    <\/div>\t\t<\/div>\n\t\t\t\t<\/div>\n\t\t\t\t\t<\/div>\n\t\t<\/div>\n\t\t\t\t\t\t\t<\/div>\n\t\t<\/section>\n\t\t\t\t<section class=\"elementor-section elementor-top-section elementor-element elementor-element-b2a4622 animated-slow elementor-section-boxed elementor-section-height-default elementor-section-height-default elementor-invisible\" data-id=\"b2a4622\" data-element_type=\"section\" data-settings=\"{&quot;animation&quot;:&quot;slideInDown&quot;}\">\n\t\t\t\t\t\t<div class=\"elementor-container elementor-column-gap-default\">\n\t\t\t\t\t<div class=\"elementor-column elementor-col-100 elementor-top-column elementor-element elementor-element-80362e7\" data-id=\"80362e7\" data-element_type=\"column\">\n\t\t\t<div class=\"elementor-widget-wrap elementor-element-populated\">\n\t\t\t\t\t\t\t\t<div class=\"d-block elementor-element elementor-element-f76a08f elementor-widget elementor-widget-wgs-button\" data-id=\"f76a08f\" data-element_type=\"widget\" data-widget_type=\"wgs-button.default\">\n\t\t\t\t<div class=\"elementor-widget-container\">\n\t\t\t<div class=\"text-center text-md-center text-lg-center\">\n    <a href=https:\/\/virtual-planet.eu\/es\/noticias\/ class=\"wgs-button btn btn-primary   border-primary btn-md\">\n        \n\t\t\t\t\tVer todo\n\t\t\n            <\/a>\n<\/div>\t\t<\/div>\n\t\t\t\t<\/div>\n\t\t\t\t\t<\/div>\n\t\t<\/div>\n\t\t\t\t\t\t\t<\/div>\n\t\t<\/section>\n\t\t\t\t<section class=\"elementor-section elementor-top-section elementor-element elementor-element-1db1732 animated-slow elementor-section-boxed elementor-section-height-default elementor-section-height-default elementor-invisible\" data-id=\"1db1732\" data-element_type=\"section\" data-settings=\"{&quot;animation&quot;:&quot;fadeIn&quot;}\">\n\t\t\t\t\t\t<div class=\"elementor-container elementor-column-gap-default\">\n\t\t\t\t\t<div class=\"elementor-column elementor-col-100 elementor-top-column elementor-element elementor-element-1e177ff\" data-id=\"1e177ff\" data-element_type=\"column\">\n\t\t\t<div class=\"elementor-widget-wrap elementor-element-populated\">\n\t\t\t\t\t\t\t\t<div class=\"elementor-element elementor-element-0724980 elementor-widget elementor-widget-wgs-heading\" data-id=\"0724980\" data-element_type=\"widget\" data-widget_type=\"wgs-heading.default\">\n\t\t\t\t<div class=\"elementor-widget-container\">\n\t\t\t<div class=\"wgs-heading wgs-heading--center wgs-heading--dark\">\n    \n\t\t<h2 class=\"wgs-heading--h2 text-dark\">\n\t\t\tSocios\n\t\t<\/h2>\n\n    <\/div>\t\t<\/div>\n\t\t\t\t<\/div>\n\t\t\t\t<div class=\"elementor-element elementor-element-838fdd3 elementor-widget elementor-widget-wgs-partners\" data-id=\"838fdd3\" data-element_type=\"widget\" data-widget_type=\"wgs-partners.default\">\n\t\t\t\t<div class=\"elementor-widget-container\">\n\t\t\t<div class=\"wgs-partners text-center\">\n\t\t\t<a href=\"https:\/\/virtual-planet.eu\/es\/partners\/mundus-bulgaria\/\" class=\"wgs-partner\">\n\t\t\t<img decoding=\"async\" width=\"160\" height=\"124\" src=\"https:\/\/virtual-planet.eu\/wp-content\/uploads\/2023\/01\/mundus-logo-1.svg\" class=\"attachment-full size-full\" alt=\"Mundus Logo\" \/>\n\t\t<\/a>\n\t\t\t<a href=\"https:\/\/virtual-planet.eu\/es\/partners\/innovation-hive\/\" class=\"wgs-partner\">\n\t\t\t<img decoding=\"async\" width=\"300\" height=\"150\" src=\"https:\/\/virtual-planet.eu\/wp-content\/uploads\/2023\/01\/innovation-hive.jpg\" class=\"attachment-full size-full\" alt=\"\" \/>\n\t\t<\/a>\n\t\t\t<a href=\"https:\/\/virtual-planet.eu\/es\/partners\/projects-for-europe\/\" class=\"wgs-partner\">\n\t\t\t<img loading=\"lazy\" decoding=\"async\" width=\"300\" height=\"150\" src=\"https:\/\/virtual-planet.eu\/wp-content\/uploads\/2023\/01\/pfe.jpg\" class=\"attachment-full size-full\" alt=\"\" \/>\n\t\t<\/a>\n\t\t\t<a href=\"https:\/\/virtual-planet.eu\/es\/partners\/regionalne-centrum-wolontariatu\/\" class=\"wgs-partner\">\n\t\t\t<img loading=\"lazy\" decoding=\"async\" width=\"300\" height=\"150\" src=\"https:\/\/virtual-planet.eu\/wp-content\/uploads\/2023\/01\/regionale.jpg\" class=\"attachment-full size-full\" alt=\"\" \/>\n\t\t<\/a>\n\t\t\t<a href=\"https:\/\/virtual-planet.eu\/es\/partners\/fyg-consultores\/\" class=\"wgs-partner\">\n\t\t\t<img loading=\"lazy\" decoding=\"async\" width=\"300\" height=\"150\" src=\"https:\/\/virtual-planet.eu\/wp-content\/uploads\/2023\/01\/fyg.jpg\" class=\"attachment-full size-full\" alt=\"\" \/>\n\t\t<\/a>\n\t\t\t<a href=\"https:\/\/virtual-planet.eu\/es\/partners\/quiztion-ltd\/\" class=\"wgs-partner\">\n\t\t\t<img loading=\"lazy\" decoding=\"async\" width=\"300\" height=\"150\" src=\"https:\/\/virtual-planet.eu\/wp-content\/uploads\/2023\/01\/quiztion.jpg\" class=\"attachment-full size-full\" alt=\"\" \/>\n\t\t<\/a>\n\t<\/div>\t\t<\/div>\n\t\t\t\t<\/div>\n\t\t\t\t\t<\/div>\n\t\t<\/div>\n\t\t\t\t\t\t\t<\/div>\n\t\t<\/section>\n\t\t\t\t\t\t\t<\/div>\n\t\t","protected":false},"excerpt":{"rendered":"<p>You(th) Play es un proyecto que tiene como objetivo ense\u00f1ar a los j\u00f3venes su impacto en el medio ambiente, a trav\u00e9s del aprendizaje basado en juegos. Virtual Planet es un juego que se puede jugar tanto en l\u00ednea como en f\u00edsico. En el juego, el jugador se desplaza alrededor del planeta, planteando preguntas sobre las [&hellip;]<\/p>\n","protected":false},"author":2,"featured_media":0,"parent":0,"menu_order":0,"comment_status":"closed","ping_status":"closed","template":"","meta":{"inline_featured_image":false,"_monsterinsights_skip_tracking":false,"_monsterinsights_sitenote_active":false,"_monsterinsights_sitenote_note":"","_monsterinsights_sitenote_category":0,"footnotes":""},"class_list":["post-1432","page","type-page","status-publish","hentry"],"acf":[],"_links":{"self":[{"href":"https:\/\/virtual-planet.eu\/es\/wp-json\/wp\/v2\/pages\/1432","targetHints":{"allow":["GET"]}}],"collection":[{"href":"https:\/\/virtual-planet.eu\/es\/wp-json\/wp\/v2\/pages"}],"about":[{"href":"https:\/\/virtual-planet.eu\/es\/wp-json\/wp\/v2\/types\/page"}],"author":[{"embeddable":true,"href":"https:\/\/virtual-planet.eu\/es\/wp-json\/wp\/v2\/users\/2"}],"replies":[{"embeddable":true,"href":"https:\/\/virtual-planet.eu\/es\/wp-json\/wp\/v2\/comments?post=1432"}],"version-history":[{"count":4,"href":"https:\/\/virtual-planet.eu\/es\/wp-json\/wp\/v2\/pages\/1432\/revisions"}],"predecessor-version":[{"id":1470,"href":"https:\/\/virtual-planet.eu\/es\/wp-json\/wp\/v2\/pages\/1432\/revisions\/1470"}],"wp:attachment":[{"href":"https:\/\/virtual-planet.eu\/es\/wp-json\/wp\/v2\/media?parent=1432"}],"curies":[{"name":"wp","href":"https:\/\/api.w.org\/{rel}","templated":true}]}}